{"id":2909,"date":"2023-06-21T12:56:56","date_gmt":"2023-06-21T12:56:56","guid":{"rendered":"https:\/\/salinasdefuencaliente.es\/?post_type=product&#038;p=2909"},"modified":"2024-07-01T09:19:42","modified_gmt":"2024-07-01T09:19:42","slug":"sal-marina-fina-teneguia-100g","status":"publish","type":"product","link":"https:\/\/salinasdefuencaliente.es\/en\/producto\/sal-marina-fina-teneguia-100g\/","title":{"rendered":"Sal Marina Fina Tenegu\u00eda 100g"},"content":{"rendered":"<h3><span style=\"color: #fd7f7d;\"><strong>Determinaciones Qu\u00edmicas<\/strong><\/span><\/h3>\n<p>&nbsp;<\/p>\n<h6><strong>Cloruro de magnesio*\u00a0 2.091 %\u00a0 \u00a0LC: 0.001 %<\/strong><\/h6>\n<h6><strong>Cloruro de potasio* 0.322 % LC: 0.001 %<\/strong><\/h6>\n<h6><strong>Cloruro de sodio* 93.938 % LC: 0.001 %<\/strong><\/h6>\n<h6><strong>Cloruro de sodio* (sobre materia seca) 95. 224 % LC: 0.001 %<\/strong><\/h6>\n<h6><strong>Sulfato de calcio* 0.543 % LC: 0.001 %<\/strong><\/h6>\n<h6><strong>Sulfato de magnesio* 1.6891 % LC: 0.001 %<\/strong><\/h6>\n<h6><strong>M\u00e9todo anal\u00edtico: Calcio* 1600.0 mg\/kg LC: 1.0 mg\/kg\u00a0\u00a0<span style=\"color: #999999;\">Interno LQMSA. T\u00e9cnica anal\u00edtica: Complexometr\u00eda<\/span><\/strong><\/h6>\n<h6><strong>Cloruros* 58.68 % LC: 0.001 %\u00a0\u00a0<span style=\"color: #999999;\">M\u00e9todo anal\u00edtico: Interno LQMSA. T\u00e9cnica anal\u00edtica: Argentometr\u00eda<\/span><\/strong><\/h6>\n<h6><strong>Humedad* 1.35 % LC: 0.001 %\u00a0 <span style=\"color: #999999;\">M\u00e9todo anal\u00edtico: Interno LQMSA. T\u00e9cnica anal\u00edtica: Gravimetr\u00eda<\/span><\/strong><\/h6>\n<h6><strong>Magnesio* 8.748.0 mg\/kg LC: 1.0 mg\/kg\u00a0\u00a0<span style=\"color: #999999;\">M\u00e9todo anal\u00edtico: Interno LQMSA. T\u00e9cnica anal\u00edtica: Complexometr\u00eda<\/span><\/strong><\/h6>\n<h6><strong>Potasio* 1686.5 mg\/kg LC: 1.0 mg\/kg <span style=\"color: #999999;\">M\u00e9todo anal\u00edtico: Interno LQMSA. T\u00e9cnica anal\u00edtica: Absorci\u00f3n at\u00f3mica<\/span><\/strong><\/h6>\n<h6><strong>Residuo insoluble* 0.070 % LC: 0.001 % <span style=\"color: #999999;\">M\u00e9todo anal\u00edtico: Interno LQMSA. T\u00e9cnica anal\u00edtica: Gravimetr\u00eda<\/span><\/strong><\/h6>\n<h6><strong>Sulfatos* 17317.8 mg\/kg LC: 10.0 mg\/kg <span style=\"color: #999999;\">M\u00e9todo anal\u00edtico: Interno LQMSA<\/span><\/strong><\/h6>\n","protected":false},"excerpt":{"rendered":"<p>La sal Marina Fina Tenegu\u00eda corresponde a la sal recogida en las salinas de forma tradicional y posteriormente se le realiza un proceso de molturaci\u00f3n y secado controlado, obteniendo una granulometr\u00eda semi fina y presenta unas caracter\u00edsticas f\u00edsico-qu\u00edmicas determinadas seg\u00fan su ficha t\u00e9cnica.Determinaciones Qu\u00edmicas<\/p>\n","protected":false},"featured_media":2902,"template":"","meta":[],"product_cat":[248],"product_tag":[],"yoast_head":"<!-- This site is optimized with the Yoast SEO plugin v21.6 - https:\/\/yoast.com\/wordpress\/plugins\/seo\/ -->\n<title>Sal Marina Fina Tenegu\u00eda 100g - Salinas Marinas de Fuencaliente S.L.<\/title>\n<meta name=\"robots\" content=\"index, follow, max-snippet:-1, max-image-preview:large, max-video-preview:-1\" \/>\n<link rel=\"canonical\" href=\"https:\/\/salinasdefuencaliente.es\/producto\/sal-marina-fina-teneguia-100g\/\" \/>\n<meta property=\"og:locale\" content=\"en_US\" \/>\n<meta property=\"og:type\" content=\"article\" \/>\n<meta property=\"og:title\" content=\"Sal Marina Fina Tenegu\u00eda 100g - Salinas Marinas de Fuencaliente S.L.\" \/>\n<meta property=\"og:description\" content=\"La sal Marina Fina Tenegu\u00eda corresponde a la sal recogida en las salinas de forma tradicional y posteriormente se le realiza un proceso de molturaci\u00f3n y secado controlado, obteniendo una granulometr\u00eda semi fina y presenta unas caracter\u00edsticas f\u00edsico-qu\u00edmicas determinadas seg\u00fan su ficha t\u00e9cnica.Determinaciones Qu\u00edmicas\" \/>\n<meta property=\"og:url\" content=\"https:\/\/salinasdefuencaliente.es\/producto\/sal-marina-fina-teneguia-100g\/\" \/>\n<meta property=\"og:site_name\" content=\"Salinas Marinas de Fuencaliente S.L.\" \/>\n<meta property=\"article:modified_time\" content=\"2024-07-01T09:19:42+00:00\" \/>\n<meta property=\"og:image\" content=\"https:\/\/salinasdefuencaliente.es\/wp-content\/uploads\/2023\/06\/tarro-pequeno.jpg\" \/>\n\t<meta property=\"og:image:width\" content=\"1000\" \/>\n\t<meta property=\"og:image:height\" content=\"871\" \/>\n\t<meta property=\"og:image:type\" content=\"image\/jpeg\" \/>\n<meta name=\"twitter:card\" content=\"summary_large_image\" \/>\n<meta name=\"twitter:label1\" content=\"Est. reading time\" \/>\n\t<meta name=\"twitter:data1\" content=\"1 minute\" \/>\n<script type=\"application\/ld+json\" class=\"yoast-schema-graph\">{\"@context\":\"https:\/\/schema.org\",\"@graph\":[{\"@type\":\"WebPage\",\"@id\":\"https:\/\/salinasdefuencaliente.es\/producto\/sal-marina-fina-teneguia-100g\/\",\"url\":\"https:\/\/salinasdefuencaliente.es\/producto\/sal-marina-fina-teneguia-100g\/\",\"name\":\"Sal Marina Fina Tenegu\u00eda 100g - Salinas Marinas de Fuencaliente S.L.\",\"isPartOf\":{\"@id\":\"https:\/\/salinasdefuencaliente.es\/#website\"},\"datePublished\":\"2023-06-21T12:56:56+00:00\",\"dateModified\":\"2024-07-01T09:19:42+00:00\",\"breadcrumb\":{\"@id\":\"https:\/\/salinasdefuencaliente.es\/producto\/sal-marina-fina-teneguia-100g\/#breadcrumb\"},\"inLanguage\":\"en-US\",\"potentialAction\":[{\"@type\":\"ReadAction\",\"target\":[\"https:\/\/salinasdefuencaliente.es\/producto\/sal-marina-fina-teneguia-100g\/\"]}]},{\"@type\":\"BreadcrumbList\",\"@id\":\"https:\/\/salinasdefuencaliente.es\/producto\/sal-marina-fina-teneguia-100g\/#breadcrumb\",\"itemListElement\":[{\"@type\":\"ListItem\",\"position\":1,\"name\":\"Portada\",\"item\":\"https:\/\/salinasdefuencaliente.es\/en\/\"},{\"@type\":\"ListItem\",\"position\":2,\"name\":\"Tienda\",\"item\":\"https:\/\/salinasdefuencaliente.es\/tienda\/\"},{\"@type\":\"ListItem\",\"position\":3,\"name\":\"Sal Marina Fina Tenegu\u00eda 100g\"}]},{\"@type\":\"WebSite\",\"@id\":\"https:\/\/salinasdefuencaliente.es\/#website\",\"url\":\"https:\/\/salinasdefuencaliente.es\/\",\"name\":\"Salinas Marinas de Fuencaliente S.L.\",\"description\":\"Un lugar donde el blanco y el negro se funde para dar vida. Salinas artesanales, en la Isla de La Palma, Canarias\",\"potentialAction\":[{\"@type\":\"SearchAction\",\"target\":{\"@type\":\"EntryPoint\",\"urlTemplate\":\"https:\/\/salinasdefuencaliente.es\/?s={search_term_string}\"},\"query-input\":\"required name=search_term_string\"}],\"inLanguage\":\"en-US\"}]}<\/script>\n<!-- \/ Yoast SEO plugin. -->","yoast_head_json":{"title":"Sal Marina Fina Tenegu\u00eda 100g - Salinas Marinas de Fuencaliente S.L.","robots":{"index":"index","follow":"follow","max-snippet":"max-snippet:-1","max-image-preview":"max-image-preview:large","max-video-preview":"max-video-preview:-1"},"canonical":"https:\/\/salinasdefuencaliente.es\/producto\/sal-marina-fina-teneguia-100g\/","og_locale":"en_US","og_type":"article","og_title":"Sal Marina Fina Tenegu\u00eda 100g - Salinas Marinas de Fuencaliente S.L.","og_description":"La sal Marina Fina Tenegu\u00eda corresponde a la sal recogida en las salinas de forma tradicional y posteriormente se le realiza un proceso de molturaci\u00f3n y secado controlado, obteniendo una granulometr\u00eda semi fina y presenta unas caracter\u00edsticas f\u00edsico-qu\u00edmicas determinadas seg\u00fan su ficha t\u00e9cnica.Determinaciones Qu\u00edmicas","og_url":"https:\/\/salinasdefuencaliente.es\/producto\/sal-marina-fina-teneguia-100g\/","og_site_name":"Salinas Marinas de Fuencaliente S.L.","article_modified_time":"2024-07-01T09:19:42+00:00","og_image":[{"width":1000,"height":871,"url":"https:\/\/salinasdefuencaliente.es\/wp-content\/uploads\/2023\/06\/tarro-pequeno.jpg","type":"image\/jpeg"}],"twitter_card":"summary_large_image","twitter_misc":{"Est. reading time":"1 minute"},"schema":{"@context":"https:\/\/schema.org","@graph":[{"@type":"WebPage","@id":"https:\/\/salinasdefuencaliente.es\/producto\/sal-marina-fina-teneguia-100g\/","url":"https:\/\/salinasdefuencaliente.es\/producto\/sal-marina-fina-teneguia-100g\/","name":"Sal Marina Fina Tenegu\u00eda 100g - Salinas Marinas de Fuencaliente S.L.","isPartOf":{"@id":"https:\/\/salinasdefuencaliente.es\/#website"},"datePublished":"2023-06-21T12:56:56+00:00","dateModified":"2024-07-01T09:19:42+00:00","breadcrumb":{"@id":"https:\/\/salinasdefuencaliente.es\/producto\/sal-marina-fina-teneguia-100g\/#breadcrumb"},"inLanguage":"en-US","potentialAction":[{"@type":"ReadAction","target":["https:\/\/salinasdefuencaliente.es\/producto\/sal-marina-fina-teneguia-100g\/"]}]},{"@type":"BreadcrumbList","@id":"https:\/\/salinasdefuencaliente.es\/producto\/sal-marina-fina-teneguia-100g\/#breadcrumb","itemListElement":[{"@type":"ListItem","position":1,"name":"Portada","item":"https:\/\/salinasdefuencaliente.es\/en\/"},{"@type":"ListItem","position":2,"name":"Tienda","item":"https:\/\/salinasdefuencaliente.es\/tienda\/"},{"@type":"ListItem","position":3,"name":"Sal Marina Fina Tenegu\u00eda 100g"}]},{"@type":"WebSite","@id":"https:\/\/salinasdefuencaliente.es\/#website","url":"https:\/\/salinasdefuencaliente.es\/","name":"Salinas Marinas de Fuencaliente S.L.","description":"Un lugar donde el blanco y el negro se funde para dar vida. Salinas artesanales, en la Isla de La Palma, Canarias","potentialAction":[{"@type":"SearchAction","target":{"@type":"EntryPoint","urlTemplate":"https:\/\/salinasdefuencaliente.es\/?s={search_term_string}"},"query-input":"required name=search_term_string"}],"inLanguage":"en-US"}]}},"_links":{"self":[{"href":"https:\/\/salinasdefuencaliente.es\/en\/wp-json\/wp\/v2\/product\/2909"}],"collection":[{"href":"https:\/\/salinasdefuencaliente.es\/en\/wp-json\/wp\/v2\/product"}],"about":[{"href":"https:\/\/salinasdefuencaliente.es\/en\/wp-json\/wp\/v2\/types\/product"}],"wp:featuredmedia":[{"embeddable":true,"href":"https:\/\/salinasdefuencaliente.es\/en\/wp-json\/wp\/v2\/media\/2902"}],"wp:attachment":[{"href":"https:\/\/salinasdefuencaliente.es\/en\/wp-json\/wp\/v2\/media?parent=2909"}],"wp:term":[{"taxonomy":"product_cat","embeddable":true,"href":"https:\/\/salinasdefuencaliente.es\/en\/wp-json\/wp\/v2\/product_cat?post=2909"},{"taxonomy":"product_tag","embeddable":true,"href":"https:\/\/salinasdefuencaliente.es\/en\/wp-json\/wp\/v2\/product_tag?post=2909"}],"curies":[{"name":"wp","href":"https:\/\/api.w.org\/{rel}","templated":true}]}}