{"id":2886,"date":"2023-06-22T07:30:55","date_gmt":"2023-06-22T07:30:55","guid":{"rendered":"https:\/\/salinasdefuencaliente.es\/?post_type=product&#038;p=2886"},"modified":"2024-07-01T09:18:59","modified_gmt":"2024-07-01T09:18:59","slug":"sales-aromatizadas-del-chef","status":"publish","type":"product","link":"https:\/\/salinasdefuencaliente.es\/en\/producto\/sales-aromatizadas-del-chef\/","title":{"rendered":"Sales aromatizadas del Chef"},"content":{"rendered":"<h3>Sal Marina Almogrote<\/h3>\n<h5><span style=\"color: #fd7f7d;\"><strong>Caracter\u00edsticas<\/strong><\/span><\/h5>\n<ul>\n<li>Peso neto: 8 g.<\/li>\n<li>Ingredientes: Sal marina, Queso curado D.O.Q.P. La Palma, Pimienta roja palmera<\/li>\n<li>Tipo de Sal: Sal gruesa de grano fino, fr\u00e1gil y escamosa.<\/li>\n<li>Aspecto: Color naranja intenso<\/li>\n<li>Aroma: Queso curado<\/li>\n<li>Paladar: Sabor a l\u00e1cteo picante<\/li>\n<li>Gastronom\u00eda: Pastas, ensaladas, pur\u00e9s y cremas de verdura y panader\u00eda<\/li>\n<li>Alergias\/ intolerancias: Lactosa<\/li>\n<\/ul>\n<p>&nbsp;<\/p>\n<h3>Sal Marina Aceituna Negra<\/h3>\n<h5><span style=\"color: #fd7f7d;\"><strong>Caracter\u00edsticas<\/strong><\/span><\/h5>\n<ul>\n<li>Peso neto: 8 g.<\/li>\n<li>Ingredientes: Sal marina, y aceituna negra deshidratada (15 %)<\/li>\n<li>Tipo de Sal: Sal marina, y aceituna negra deshidratada (15 %)<\/li>\n<li>Aspecto: Sal con pintas negras de aceituna<\/li>\n<li>Aroma: Aceituna negra<\/li>\n<li>Paladar: Sabor aceitoso y amargo<\/li>\n<li>Gastronom\u00eda: Ensaladas, sopas y cremas fr\u00edas y panader\u00eda.<\/li>\n<li>Alergias\/ intolerancias: No contiene<\/li>\n<\/ul>\n<p>&nbsp;<\/p>\n<h3>Sal Marina Chocolate<\/h3>\n<h5><span style=\"color: #fd7f7d;\"><strong>Caracter\u00edsticas<\/strong><\/span><\/h5>\n<ul>\n<li>Peso neto: 8 g.<\/li>\n<li>Ingredientes: Sal marina, y cacao (10 %)<\/li>\n<li>Tipo de Sal: Sal gruesa de grano fino, fr\u00e1gil y escamosa.<\/li>\n<li>Aspecto: Color marr\u00f3n<\/li>\n<li>Aroma: A cacao<\/li>\n<li>Paladar: Sabor sutil a chocolate<\/li>\n<li>Gastronom\u00eda: Gran potenciador de sabor dentro del mundo dulce. Espacial para carnes rojas.<\/li>\n<li>Alergias\/ intolerancias: No contiene<\/li>\n<\/ul>\n<p>&nbsp;<\/p>\n<h3>Sal Marina Pimienta Rosa<\/h3>\n<h5><span style=\"color: #fd7f7d;\"><strong>Caracter\u00edsticas<\/strong><\/span><\/h5>\n<ul>\n<li>Peso neto: 8 g.<\/li>\n<li>Ingredientes: Sal marina, y pimienta rosa (15 %)<\/li>\n<li>Tipo de Sal: Sal gruesa de grano fino, fr\u00e1gil y escamosa.<\/li>\n<li>Aspecto: Perlas de pimienta rosa<\/li>\n<li>Aroma: Pimienta dulce<\/li>\n<li>Paladar: Textura suave y delicada, que inundan el paladar con su intenso sabor al explotar en la boca.<\/li>\n<li>Gastronom\u00eda: Chocolater\u00eda, helader\u00eda, reposter\u00eda y pasteler\u00eda<\/li>\n<li>Alergias\/ intolerancias: No contiene<\/li>\n<\/ul>\n<h5><\/h5>\n<p>&nbsp;<\/p>\n<h3>Sal Marina Caf\u00e9 Natural<\/h3>\n<h5><span style=\"color: #fd7f7d;\"><strong>Caracter\u00edsticas<\/strong><\/span><\/h5>\n<ul>\n<li>Peso neto: 8 g.<\/li>\n<li>Ingredientes: Sal marina, y cacao (10 %)<\/li>\n<li>Tipo de Sal: Sal gruesa de grano fino, fr\u00e1gil y escamosa<\/li>\n<li>Aspecto: Color marr\u00f3n<\/li>\n<li>Aroma: Caf\u00e9 natural<\/li>\n<li>Paladar: Sabor sutil a caf\u00e9 natural<\/li>\n<li>Gastronom\u00eda: Chocolater\u00eda, helader\u00eda, reposter\u00eda y pasteler\u00eda<\/li>\n<li>Alergias\/ intolerancias: No contiene<\/li>\n<\/ul>\n","protected":false},"excerpt":{"rendered":"<p>El paquete de flores de sal aromatizadas del chef, incluye Flor de Sal con Almogrote, Flor de Sal con Aceitunas Negras, Flor de Sal de Chocolate\/Cacao, Flor de Sal de Pimienta Rosa y Flor de Sal de Caf\u00e9 Natural. Todos vienen en tarros de cristal de 20 g, homologados y con las correspondientes medidas sanitarias.<\/p>\n","protected":false},"featured_media":2887,"template":"","meta":[],"product_cat":[252],"product_tag":[],"yoast_head":"<!-- This site is optimized with the Yoast SEO plugin v21.6 - https:\/\/yoast.com\/wordpress\/plugins\/seo\/ -->\n<title>Sales aromatizadas del Chef - Salinas Marinas de Fuencaliente S.L.<\/title>\n<meta name=\"robots\" content=\"index, follow, max-snippet:-1, max-image-preview:large, max-video-preview:-1\" \/>\n<link rel=\"canonical\" href=\"https:\/\/salinasdefuencaliente.es\/producto\/sales-aromatizadas-del-chef\/\" \/>\n<meta property=\"og:locale\" content=\"en_US\" \/>\n<meta property=\"og:type\" content=\"article\" \/>\n<meta property=\"og:title\" content=\"Sales aromatizadas del Chef - Salinas Marinas de Fuencaliente S.L.\" \/>\n<meta property=\"og:description\" content=\"El paquete de flores de sal aromatizadas del chef, incluye Flor de Sal con Almogrote, Flor de Sal con Aceitunas Negras, Flor de Sal de Chocolate\/Cacao, Flor de Sal de Pimienta Rosa y Flor de Sal de Caf\u00e9 Natural. Todos vienen en tarros de cristal de 20 g, homologados y con las correspondientes medidas sanitarias.\" \/>\n<meta property=\"og:url\" content=\"https:\/\/salinasdefuencaliente.es\/producto\/sales-aromatizadas-del-chef\/\" \/>\n<meta property=\"og:site_name\" content=\"Salinas Marinas de Fuencaliente S.L.\" \/>\n<meta property=\"article:modified_time\" content=\"2024-07-01T09:18:59+00:00\" \/>\n<meta property=\"og:image\" content=\"https:\/\/salinasdefuencaliente.es\/wp-content\/uploads\/2023\/06\/PACKS-SALES-AROMATIZADAS.jpg\" \/>\n\t<meta property=\"og:image:width\" content=\"1000\" \/>\n\t<meta property=\"og:image:height\" content=\"840\" \/>\n\t<meta property=\"og:image:type\" content=\"image\/jpeg\" \/>\n<meta name=\"twitter:card\" content=\"summary_large_image\" \/>\n<meta name=\"twitter:label1\" content=\"Est. reading time\" \/>\n\t<meta name=\"twitter:data1\" content=\"2 minutes\" \/>\n<script type=\"application\/ld+json\" class=\"yoast-schema-graph\">{\"@context\":\"https:\/\/schema.org\",\"@graph\":[{\"@type\":\"WebPage\",\"@id\":\"https:\/\/salinasdefuencaliente.es\/producto\/sales-aromatizadas-del-chef\/\",\"url\":\"https:\/\/salinasdefuencaliente.es\/producto\/sales-aromatizadas-del-chef\/\",\"name\":\"Sales aromatizadas del Chef - Salinas Marinas de Fuencaliente S.L.\",\"isPartOf\":{\"@id\":\"https:\/\/salinasdefuencaliente.es\/#website\"},\"datePublished\":\"2023-06-22T07:30:55+00:00\",\"dateModified\":\"2024-07-01T09:18:59+00:00\",\"breadcrumb\":{\"@id\":\"https:\/\/salinasdefuencaliente.es\/producto\/sales-aromatizadas-del-chef\/#breadcrumb\"},\"inLanguage\":\"en-US\",\"potentialAction\":[{\"@type\":\"ReadAction\",\"target\":[\"https:\/\/salinasdefuencaliente.es\/producto\/sales-aromatizadas-del-chef\/\"]}]},{\"@type\":\"BreadcrumbList\",\"@id\":\"https:\/\/salinasdefuencaliente.es\/producto\/sales-aromatizadas-del-chef\/#breadcrumb\",\"itemListElement\":[{\"@type\":\"ListItem\",\"position\":1,\"name\":\"Portada\",\"item\":\"https:\/\/salinasdefuencaliente.es\/en\/\"},{\"@type\":\"ListItem\",\"position\":2,\"name\":\"Tienda\",\"item\":\"https:\/\/salinasdefuencaliente.es\/tienda\/\"},{\"@type\":\"ListItem\",\"position\":3,\"name\":\"Sales aromatizadas del Chef\"}]},{\"@type\":\"WebSite\",\"@id\":\"https:\/\/salinasdefuencaliente.es\/#website\",\"url\":\"https:\/\/salinasdefuencaliente.es\/\",\"name\":\"Salinas Marinas de Fuencaliente S.L.\",\"description\":\"Un lugar donde el blanco y el negro se funde para dar vida. Salinas artesanales, en la Isla de La Palma, Canarias\",\"potentialAction\":[{\"@type\":\"SearchAction\",\"target\":{\"@type\":\"EntryPoint\",\"urlTemplate\":\"https:\/\/salinasdefuencaliente.es\/?s={search_term_string}\"},\"query-input\":\"required name=search_term_string\"}],\"inLanguage\":\"en-US\"}]}<\/script>\n<!-- \/ Yoast SEO plugin. -->","yoast_head_json":{"title":"Sales aromatizadas del Chef - Salinas Marinas de Fuencaliente S.L.","robots":{"index":"index","follow":"follow","max-snippet":"max-snippet:-1","max-image-preview":"max-image-preview:large","max-video-preview":"max-video-preview:-1"},"canonical":"https:\/\/salinasdefuencaliente.es\/producto\/sales-aromatizadas-del-chef\/","og_locale":"en_US","og_type":"article","og_title":"Sales aromatizadas del Chef - Salinas Marinas de Fuencaliente S.L.","og_description":"El paquete de flores de sal aromatizadas del chef, incluye Flor de Sal con Almogrote, Flor de Sal con Aceitunas Negras, Flor de Sal de Chocolate\/Cacao, Flor de Sal de Pimienta Rosa y Flor de Sal de Caf\u00e9 Natural. Todos vienen en tarros de cristal de 20 g, homologados y con las correspondientes medidas sanitarias.","og_url":"https:\/\/salinasdefuencaliente.es\/producto\/sales-aromatizadas-del-chef\/","og_site_name":"Salinas Marinas de Fuencaliente S.L.","article_modified_time":"2024-07-01T09:18:59+00:00","og_image":[{"width":1000,"height":840,"url":"https:\/\/salinasdefuencaliente.es\/wp-content\/uploads\/2023\/06\/PACKS-SALES-AROMATIZADAS.jpg","type":"image\/jpeg"}],"twitter_card":"summary_large_image","twitter_misc":{"Est. reading time":"2 minutes"},"schema":{"@context":"https:\/\/schema.org","@graph":[{"@type":"WebPage","@id":"https:\/\/salinasdefuencaliente.es\/producto\/sales-aromatizadas-del-chef\/","url":"https:\/\/salinasdefuencaliente.es\/producto\/sales-aromatizadas-del-chef\/","name":"Sales aromatizadas del Chef - Salinas Marinas de Fuencaliente S.L.","isPartOf":{"@id":"https:\/\/salinasdefuencaliente.es\/#website"},"datePublished":"2023-06-22T07:30:55+00:00","dateModified":"2024-07-01T09:18:59+00:00","breadcrumb":{"@id":"https:\/\/salinasdefuencaliente.es\/producto\/sales-aromatizadas-del-chef\/#breadcrumb"},"inLanguage":"en-US","potentialAction":[{"@type":"ReadAction","target":["https:\/\/salinasdefuencaliente.es\/producto\/sales-aromatizadas-del-chef\/"]}]},{"@type":"BreadcrumbList","@id":"https:\/\/salinasdefuencaliente.es\/producto\/sales-aromatizadas-del-chef\/#breadcrumb","itemListElement":[{"@type":"ListItem","position":1,"name":"Portada","item":"https:\/\/salinasdefuencaliente.es\/en\/"},{"@type":"ListItem","position":2,"name":"Tienda","item":"https:\/\/salinasdefuencaliente.es\/tienda\/"},{"@type":"ListItem","position":3,"name":"Sales aromatizadas del Chef"}]},{"@type":"WebSite","@id":"https:\/\/salinasdefuencaliente.es\/#website","url":"https:\/\/salinasdefuencaliente.es\/","name":"Salinas Marinas de Fuencaliente S.L.","description":"Un lugar donde el blanco y el negro se funde para dar vida. Salinas artesanales, en la Isla de La Palma, Canarias","potentialAction":[{"@type":"SearchAction","target":{"@type":"EntryPoint","urlTemplate":"https:\/\/salinasdefuencaliente.es\/?s={search_term_string}"},"query-input":"required name=search_term_string"}],"inLanguage":"en-US"}]}},"_links":{"self":[{"href":"https:\/\/salinasdefuencaliente.es\/en\/wp-json\/wp\/v2\/product\/2886"}],"collection":[{"href":"https:\/\/salinasdefuencaliente.es\/en\/wp-json\/wp\/v2\/product"}],"about":[{"href":"https:\/\/salinasdefuencaliente.es\/en\/wp-json\/wp\/v2\/types\/product"}],"wp:featuredmedia":[{"embeddable":true,"href":"https:\/\/salinasdefuencaliente.es\/en\/wp-json\/wp\/v2\/media\/2887"}],"wp:attachment":[{"href":"https:\/\/salinasdefuencaliente.es\/en\/wp-json\/wp\/v2\/media?parent=2886"}],"wp:term":[{"taxonomy":"product_cat","embeddable":true,"href":"https:\/\/salinasdefuencaliente.es\/en\/wp-json\/wp\/v2\/product_cat?post=2886"},{"taxonomy":"product_tag","embeddable":true,"href":"https:\/\/salinasdefuencaliente.es\/en\/wp-json\/wp\/v2\/product_tag?post=2886"}],"curies":[{"name":"wp","href":"https:\/\/api.w.org\/{rel}","templated":true}]}}