{"id":2877,"date":"2023-06-21T14:08:05","date_gmt":"2023-06-21T14:08:05","guid":{"rendered":"https:\/\/salinasdefuencaliente.es\/?post_type=product&#038;p=2877"},"modified":"2024-07-01T09:19:05","modified_gmt":"2024-07-01T09:19:05","slug":"sal-marina-lemon-pepper","status":"publish","type":"product","link":"https:\/\/salinasdefuencaliente.es\/en\/producto\/sal-marina-lemon-pepper\/","title":{"rendered":"Sal Marina Lemon &#038; Pepper"},"content":{"rendered":"<h3><span style=\"color: #fd7f7d;\"><strong>Caracter\u00edsticas<\/strong><\/span><\/h3>\n<p>&nbsp;<\/p>\n<h5>Peso neto: 12g.<\/h5>\n<h5>Ingredientes: Sal Marina Tenegu\u00eda y especies 20 % (lim\u00f3n, pimienta negra)<\/h5>\n<h5>Tipo de Sal: Sal gruesa de grano fino, fr\u00e1gil y escamosa<\/h5>\n<h5>Aspecto: Esferas perfectas y homog\u00e9neas que dan la sensaci\u00f3n de perlas de lim\u00f3n y pimienta<\/h5>\n<h5>Aroma: C\u00edtricos<\/h5>\n<h5>Paladar: C\u00edtrico y picante. Textura suave y delicada, que inundan el paladar con su intenso sabor al explotar en la boca.<\/h5>\n<h5>Gastronom\u00eda: Es ideal acompa\u00f1ando a pescados y mariscos. Producto vers\u00e1til que puede emplearse como decoraci\u00f3n y condimento en postres, carnes y ensaladas.<\/h5>\n<h5>Alergias\/ intolerancias: No contiene<\/h5>\n","protected":false},"excerpt":{"rendered":"<p>Una propuesta culinaria id\u00f3nea para dar un toque moderno a los sabores de nuestra cocina m\u00e1s t\u00edpica. Salinas de Fuencaliente se reinventa con \u201cLEMON &amp; PEPPER\u201d para innovar en nuevos sabores en los paladares que buscan nuevas sensaciones. Ideal para acompa\u00f1ar pescados y mariscos. Producto vers\u00e1til que puede emplearse como decoraci\u00f3n y condimento en postres, carnes y<br \/>\nensaladas.<\/p>\n","protected":false},"featured_media":2870,"template":"","meta":[],"product_cat":[250],"product_tag":[],"yoast_head":"<!-- This site is optimized with the Yoast SEO plugin v21.6 - https:\/\/yoast.com\/wordpress\/plugins\/seo\/ -->\n<title>Sal Marina Lemon &amp; Pepper - Salinas Marinas de Fuencaliente S.L.<\/title>\n<meta name=\"robots\" content=\"index, follow, max-snippet:-1, max-image-preview:large, max-video-preview:-1\" \/>\n<link rel=\"canonical\" href=\"https:\/\/salinasdefuencaliente.es\/en\/producto\/sal-marina-lemon-pepper\/\" \/>\n<meta property=\"og:locale\" content=\"en_US\" \/>\n<meta property=\"og:type\" content=\"article\" \/>\n<meta property=\"og:title\" content=\"Sal Marina Lemon &amp; Pepper - Salinas Marinas de Fuencaliente S.L.\" \/>\n<meta property=\"og:description\" content=\"Una propuesta culinaria id\u00f3nea para dar un toque moderno a los sabores de nuestra cocina m\u00e1s t\u00edpica. Salinas de Fuencaliente se reinventa con \u201cLEMON &amp; PEPPER\u201d para innovar en nuevos sabores en los paladares que buscan nuevas sensaciones. Ideal para acompa\u00f1ar pescados y mariscos. Producto vers\u00e1til que puede emplearse como decoraci\u00f3n y condimento en postres, carnes y ensaladas.\" \/>\n<meta property=\"og:url\" content=\"https:\/\/salinasdefuencaliente.es\/en\/producto\/sal-marina-lemon-pepper\/\" \/>\n<meta property=\"og:site_name\" content=\"Salinas Marinas de Fuencaliente S.L.\" \/>\n<meta property=\"article:modified_time\" content=\"2024-07-01T09:19:05+00:00\" \/>\n<meta property=\"og:image\" content=\"https:\/\/salinasdefuencaliente.es\/wp-content\/uploads\/2023\/06\/flordesal-pimienta.jpg\" \/>\n\t<meta property=\"og:image:width\" content=\"687\" \/>\n\t<meta property=\"og:image:height\" content=\"720\" \/>\n\t<meta property=\"og:image:type\" content=\"image\/jpeg\" \/>\n<meta name=\"twitter:card\" content=\"summary_large_image\" \/>\n<meta name=\"twitter:label1\" content=\"Est. reading time\" \/>\n\t<meta name=\"twitter:data1\" content=\"1 minute\" \/>\n<script type=\"application\/ld+json\" class=\"yoast-schema-graph\">{\"@context\":\"https:\/\/schema.org\",\"@graph\":[{\"@type\":\"WebPage\",\"@id\":\"https:\/\/salinasdefuencaliente.es\/en\/producto\/sal-marina-lemon-pepper\/\",\"url\":\"https:\/\/salinasdefuencaliente.es\/en\/producto\/sal-marina-lemon-pepper\/\",\"name\":\"Sal Marina Lemon & Pepper - Salinas Marinas de Fuencaliente S.L.\",\"isPartOf\":{\"@id\":\"https:\/\/salinasdefuencaliente.es\/#website\"},\"datePublished\":\"2023-06-21T14:08:05+00:00\",\"dateModified\":\"2024-07-01T09:19:05+00:00\",\"breadcrumb\":{\"@id\":\"https:\/\/salinasdefuencaliente.es\/en\/producto\/sal-marina-lemon-pepper\/#breadcrumb\"},\"inLanguage\":\"en-US\",\"potentialAction\":[{\"@type\":\"ReadAction\",\"target\":[\"https:\/\/salinasdefuencaliente.es\/en\/producto\/sal-marina-lemon-pepper\/\"]}]},{\"@type\":\"BreadcrumbList\",\"@id\":\"https:\/\/salinasdefuencaliente.es\/en\/producto\/sal-marina-lemon-pepper\/#breadcrumb\",\"itemListElement\":[{\"@type\":\"ListItem\",\"position\":1,\"name\":\"Portada\",\"item\":\"https:\/\/salinasdefuencaliente.es\/en\/\"},{\"@type\":\"ListItem\",\"position\":2,\"name\":\"Tienda\",\"item\":\"https:\/\/salinasdefuencaliente.es\/tienda\/\"},{\"@type\":\"ListItem\",\"position\":3,\"name\":\"Sal Marina Lemon &#038; Pepper\"}]},{\"@type\":\"WebSite\",\"@id\":\"https:\/\/salinasdefuencaliente.es\/#website\",\"url\":\"https:\/\/salinasdefuencaliente.es\/\",\"name\":\"Salinas Marinas de Fuencaliente S.L.\",\"description\":\"Un lugar donde el blanco y el negro se funde para dar vida. Salinas artesanales, en la Isla de La Palma, Canarias\",\"potentialAction\":[{\"@type\":\"SearchAction\",\"target\":{\"@type\":\"EntryPoint\",\"urlTemplate\":\"https:\/\/salinasdefuencaliente.es\/?s={search_term_string}\"},\"query-input\":\"required name=search_term_string\"}],\"inLanguage\":\"en-US\"}]}<\/script>\n<!-- \/ Yoast SEO plugin. -->","yoast_head_json":{"title":"Sal Marina Lemon & Pepper - Salinas Marinas de Fuencaliente S.L.","robots":{"index":"index","follow":"follow","max-snippet":"max-snippet:-1","max-image-preview":"max-image-preview:large","max-video-preview":"max-video-preview:-1"},"canonical":"https:\/\/salinasdefuencaliente.es\/en\/producto\/sal-marina-lemon-pepper\/","og_locale":"en_US","og_type":"article","og_title":"Sal Marina Lemon & Pepper - Salinas Marinas de Fuencaliente S.L.","og_description":"Una propuesta culinaria id\u00f3nea para dar un toque moderno a los sabores de nuestra cocina m\u00e1s t\u00edpica. Salinas de Fuencaliente se reinventa con \u201cLEMON &amp; PEPPER\u201d para innovar en nuevos sabores en los paladares que buscan nuevas sensaciones. Ideal para acompa\u00f1ar pescados y mariscos. Producto vers\u00e1til que puede emplearse como decoraci\u00f3n y condimento en postres, carnes y ensaladas.","og_url":"https:\/\/salinasdefuencaliente.es\/en\/producto\/sal-marina-lemon-pepper\/","og_site_name":"Salinas Marinas de Fuencaliente S.L.","article_modified_time":"2024-07-01T09:19:05+00:00","og_image":[{"width":687,"height":720,"url":"https:\/\/salinasdefuencaliente.es\/wp-content\/uploads\/2023\/06\/flordesal-pimienta.jpg","type":"image\/jpeg"}],"twitter_card":"summary_large_image","twitter_misc":{"Est. reading time":"1 minute"},"schema":{"@context":"https:\/\/schema.org","@graph":[{"@type":"WebPage","@id":"https:\/\/salinasdefuencaliente.es\/en\/producto\/sal-marina-lemon-pepper\/","url":"https:\/\/salinasdefuencaliente.es\/en\/producto\/sal-marina-lemon-pepper\/","name":"Sal Marina Lemon & Pepper - Salinas Marinas de Fuencaliente S.L.","isPartOf":{"@id":"https:\/\/salinasdefuencaliente.es\/#website"},"datePublished":"2023-06-21T14:08:05+00:00","dateModified":"2024-07-01T09:19:05+00:00","breadcrumb":{"@id":"https:\/\/salinasdefuencaliente.es\/en\/producto\/sal-marina-lemon-pepper\/#breadcrumb"},"inLanguage":"en-US","potentialAction":[{"@type":"ReadAction","target":["https:\/\/salinasdefuencaliente.es\/en\/producto\/sal-marina-lemon-pepper\/"]}]},{"@type":"BreadcrumbList","@id":"https:\/\/salinasdefuencaliente.es\/en\/producto\/sal-marina-lemon-pepper\/#breadcrumb","itemListElement":[{"@type":"ListItem","position":1,"name":"Portada","item":"https:\/\/salinasdefuencaliente.es\/en\/"},{"@type":"ListItem","position":2,"name":"Tienda","item":"https:\/\/salinasdefuencaliente.es\/tienda\/"},{"@type":"ListItem","position":3,"name":"Sal Marina Lemon &#038; Pepper"}]},{"@type":"WebSite","@id":"https:\/\/salinasdefuencaliente.es\/#website","url":"https:\/\/salinasdefuencaliente.es\/","name":"Salinas Marinas de Fuencaliente S.L.","description":"Un lugar donde el blanco y el negro se funde para dar vida. Salinas artesanales, en la Isla de La Palma, Canarias","potentialAction":[{"@type":"SearchAction","target":{"@type":"EntryPoint","urlTemplate":"https:\/\/salinasdefuencaliente.es\/?s={search_term_string}"},"query-input":"required name=search_term_string"}],"inLanguage":"en-US"}]}},"_links":{"self":[{"href":"https:\/\/salinasdefuencaliente.es\/en\/wp-json\/wp\/v2\/product\/2877"}],"collection":[{"href":"https:\/\/salinasdefuencaliente.es\/en\/wp-json\/wp\/v2\/product"}],"about":[{"href":"https:\/\/salinasdefuencaliente.es\/en\/wp-json\/wp\/v2\/types\/product"}],"wp:featuredmedia":[{"embeddable":true,"href":"https:\/\/salinasdefuencaliente.es\/en\/wp-json\/wp\/v2\/media\/2870"}],"wp:attachment":[{"href":"https:\/\/salinasdefuencaliente.es\/en\/wp-json\/wp\/v2\/media?parent=2877"}],"wp:term":[{"taxonomy":"product_cat","embeddable":true,"href":"https:\/\/salinasdefuencaliente.es\/en\/wp-json\/wp\/v2\/product_cat?post=2877"},{"taxonomy":"product_tag","embeddable":true,"href":"https:\/\/salinasdefuencaliente.es\/en\/wp-json\/wp\/v2\/product_tag?post=2877"}],"curies":[{"name":"wp","href":"https:\/\/api.w.org\/{rel}","templated":true}]}}