{"id":2876,"date":"2023-06-21T14:04:35","date_gmt":"2023-06-21T14:04:35","guid":{"rendered":"https:\/\/salinasdefuencaliente.es\/?post_type=product&#038;p=2876"},"modified":"2024-07-01T09:19:14","modified_gmt":"2024-07-01T09:19:14","slug":"sal-marina-de-mojo","status":"publish","type":"product","link":"https:\/\/salinasdefuencaliente.es\/en\/producto\/sal-marina-de-mojo\/","title":{"rendered":"Sal Marina de Mojo"},"content":{"rendered":"<h3><span style=\"color: #fd7f7d;\"><strong>Caracter\u00edsticas<\/strong><\/span><\/h3>\n<p>&nbsp;<\/p>\n<h5>Peso neto: 2 x 60 gr.<\/h5>\n<h5>Ingredientes:<\/h5>\n<ul>\n<li>Mojo Rojo: Sal Marina Tenegu\u00eda y especies 20 % (pimienta palmera, ajo, comino, pimienta negra)<\/li>\n<li>Mojo Verde: Sal Marina Tenegu\u00eda y especies 20 % (Cilantro, Perejil, Ajo, Toque de Lim\u00f3n, Especias)<\/li>\n<\/ul>\n<h5>Tipo de Sal: Sal gruesa de grano fino, fr\u00e1gil y escamosa<\/h5>\n<h5>Aspecto: Colores verdes y rojos intensos<\/h5>\n<h5>Aroma: Mojos Canarios caseros<\/h5>\n<h5>Paladar: El mojo rojo con una peque\u00f1a cantidad de pimienta \u201cpicona\u201d, lo que le confiere ese t\u00edpico sabor picante, conocido dentro y fuera de las Islas Canarias<\/h5>\n<h5>Gastronom\u00eda: Ideal para pescado y carnes. Rojo para carnes rojas y Verdes para pescados<\/h5>\n<h5>Alergias\/ intolerancias: No contiene<\/h5>\n","protected":false},"excerpt":{"rendered":"<p>La tradici\u00f3n canaria acaricia con nostalgia los sabores de anta\u00f1o. De ah\u00ed, que hayamos combinado los ingredientes de la salsa canaria por excelencia con la Sal Marina Tenegu\u00eda de recolecci\u00f3n artesanal. Sal y mojo se mezclan para crear \u201cSAL Y MOJO ROJO\u201d, ideal para carnes rojas, y \u201cSAL Y MOJO VERDE\u201d, para pescados o quesos a la plancha.<\/p>\n","protected":false},"featured_media":2867,"template":"","meta":[],"product_cat":[250],"product_tag":[],"yoast_head":"<!-- This site is optimized with the Yoast SEO plugin v21.6 - https:\/\/yoast.com\/wordpress\/plugins\/seo\/ -->\n<title>Sal Marina de Mojo - Salinas Marinas de Fuencaliente S.L.<\/title>\n<meta name=\"robots\" content=\"index, follow, max-snippet:-1, max-image-preview:large, max-video-preview:-1\" \/>\n<link rel=\"canonical\" href=\"https:\/\/salinasdefuencaliente.es\/producto\/sal-marina-de-mojo\/\" \/>\n<meta property=\"og:locale\" content=\"en_US\" \/>\n<meta property=\"og:type\" content=\"article\" \/>\n<meta property=\"og:title\" content=\"Sal Marina de Mojo - Salinas Marinas de Fuencaliente S.L.\" \/>\n<meta property=\"og:description\" content=\"La tradici\u00f3n canaria acaricia con nostalgia los sabores de anta\u00f1o. De ah\u00ed, que hayamos combinado los ingredientes de la salsa canaria por excelencia con la Sal Marina Tenegu\u00eda de recolecci\u00f3n artesanal. Sal y mojo se mezclan para crear \u201cSAL Y MOJO ROJO\u201d, ideal para carnes rojas, y \u201cSAL Y MOJO VERDE\u201d, para pescados o quesos a la plancha.\" \/>\n<meta property=\"og:url\" content=\"https:\/\/salinasdefuencaliente.es\/producto\/sal-marina-de-mojo\/\" \/>\n<meta property=\"og:site_name\" content=\"Salinas Marinas de Fuencaliente S.L.\" \/>\n<meta property=\"article:modified_time\" content=\"2024-07-01T09:19:14+00:00\" \/>\n<meta property=\"og:image\" content=\"https:\/\/salinasdefuencaliente.es\/wp-content\/uploads\/2023\/06\/flordesal-mojo.jpg\" \/>\n\t<meta property=\"og:image:width\" content=\"687\" \/>\n\t<meta property=\"og:image:height\" content=\"720\" \/>\n\t<meta property=\"og:image:type\" content=\"image\/jpeg\" \/>\n<meta name=\"twitter:card\" content=\"summary_large_image\" \/>\n<meta name=\"twitter:label1\" content=\"Est. reading time\" \/>\n\t<meta name=\"twitter:data1\" content=\"1 minute\" \/>\n<script type=\"application\/ld+json\" class=\"yoast-schema-graph\">{\"@context\":\"https:\/\/schema.org\",\"@graph\":[{\"@type\":\"WebPage\",\"@id\":\"https:\/\/salinasdefuencaliente.es\/producto\/sal-marina-de-mojo\/\",\"url\":\"https:\/\/salinasdefuencaliente.es\/producto\/sal-marina-de-mojo\/\",\"name\":\"Sal Marina de Mojo - Salinas Marinas de Fuencaliente S.L.\",\"isPartOf\":{\"@id\":\"https:\/\/salinasdefuencaliente.es\/#website\"},\"datePublished\":\"2023-06-21T14:04:35+00:00\",\"dateModified\":\"2024-07-01T09:19:14+00:00\",\"breadcrumb\":{\"@id\":\"https:\/\/salinasdefuencaliente.es\/producto\/sal-marina-de-mojo\/#breadcrumb\"},\"inLanguage\":\"en-US\",\"potentialAction\":[{\"@type\":\"ReadAction\",\"target\":[\"https:\/\/salinasdefuencaliente.es\/producto\/sal-marina-de-mojo\/\"]}]},{\"@type\":\"BreadcrumbList\",\"@id\":\"https:\/\/salinasdefuencaliente.es\/producto\/sal-marina-de-mojo\/#breadcrumb\",\"itemListElement\":[{\"@type\":\"ListItem\",\"position\":1,\"name\":\"Portada\",\"item\":\"https:\/\/salinasdefuencaliente.es\/en\/\"},{\"@type\":\"ListItem\",\"position\":2,\"name\":\"Tienda\",\"item\":\"https:\/\/salinasdefuencaliente.es\/tienda\/\"},{\"@type\":\"ListItem\",\"position\":3,\"name\":\"Sal Marina de Mojo\"}]},{\"@type\":\"WebSite\",\"@id\":\"https:\/\/salinasdefuencaliente.es\/#website\",\"url\":\"https:\/\/salinasdefuencaliente.es\/\",\"name\":\"Salinas Marinas de Fuencaliente S.L.\",\"description\":\"Un lugar donde el blanco y el negro se funde para dar vida. Salinas artesanales, en la Isla de La Palma, Canarias\",\"potentialAction\":[{\"@type\":\"SearchAction\",\"target\":{\"@type\":\"EntryPoint\",\"urlTemplate\":\"https:\/\/salinasdefuencaliente.es\/?s={search_term_string}\"},\"query-input\":\"required name=search_term_string\"}],\"inLanguage\":\"en-US\"}]}<\/script>\n<!-- \/ Yoast SEO plugin. -->","yoast_head_json":{"title":"Sal Marina de Mojo - Salinas Marinas de Fuencaliente S.L.","robots":{"index":"index","follow":"follow","max-snippet":"max-snippet:-1","max-image-preview":"max-image-preview:large","max-video-preview":"max-video-preview:-1"},"canonical":"https:\/\/salinasdefuencaliente.es\/producto\/sal-marina-de-mojo\/","og_locale":"en_US","og_type":"article","og_title":"Sal Marina de Mojo - Salinas Marinas de Fuencaliente S.L.","og_description":"La tradici\u00f3n canaria acaricia con nostalgia los sabores de anta\u00f1o. De ah\u00ed, que hayamos combinado los ingredientes de la salsa canaria por excelencia con la Sal Marina Tenegu\u00eda de recolecci\u00f3n artesanal. Sal y mojo se mezclan para crear \u201cSAL Y MOJO ROJO\u201d, ideal para carnes rojas, y \u201cSAL Y MOJO VERDE\u201d, para pescados o quesos a la plancha.","og_url":"https:\/\/salinasdefuencaliente.es\/producto\/sal-marina-de-mojo\/","og_site_name":"Salinas Marinas de Fuencaliente S.L.","article_modified_time":"2024-07-01T09:19:14+00:00","og_image":[{"width":687,"height":720,"url":"https:\/\/salinasdefuencaliente.es\/wp-content\/uploads\/2023\/06\/flordesal-mojo.jpg","type":"image\/jpeg"}],"twitter_card":"summary_large_image","twitter_misc":{"Est. reading time":"1 minute"},"schema":{"@context":"https:\/\/schema.org","@graph":[{"@type":"WebPage","@id":"https:\/\/salinasdefuencaliente.es\/producto\/sal-marina-de-mojo\/","url":"https:\/\/salinasdefuencaliente.es\/producto\/sal-marina-de-mojo\/","name":"Sal Marina de Mojo - Salinas Marinas de Fuencaliente S.L.","isPartOf":{"@id":"https:\/\/salinasdefuencaliente.es\/#website"},"datePublished":"2023-06-21T14:04:35+00:00","dateModified":"2024-07-01T09:19:14+00:00","breadcrumb":{"@id":"https:\/\/salinasdefuencaliente.es\/producto\/sal-marina-de-mojo\/#breadcrumb"},"inLanguage":"en-US","potentialAction":[{"@type":"ReadAction","target":["https:\/\/salinasdefuencaliente.es\/producto\/sal-marina-de-mojo\/"]}]},{"@type":"BreadcrumbList","@id":"https:\/\/salinasdefuencaliente.es\/producto\/sal-marina-de-mojo\/#breadcrumb","itemListElement":[{"@type":"ListItem","position":1,"name":"Portada","item":"https:\/\/salinasdefuencaliente.es\/en\/"},{"@type":"ListItem","position":2,"name":"Tienda","item":"https:\/\/salinasdefuencaliente.es\/tienda\/"},{"@type":"ListItem","position":3,"name":"Sal Marina de Mojo"}]},{"@type":"WebSite","@id":"https:\/\/salinasdefuencaliente.es\/#website","url":"https:\/\/salinasdefuencaliente.es\/","name":"Salinas Marinas de Fuencaliente S.L.","description":"Un lugar donde el blanco y el negro se funde para dar vida. Salinas artesanales, en la Isla de La Palma, Canarias","potentialAction":[{"@type":"SearchAction","target":{"@type":"EntryPoint","urlTemplate":"https:\/\/salinasdefuencaliente.es\/?s={search_term_string}"},"query-input":"required name=search_term_string"}],"inLanguage":"en-US"}]}},"_links":{"self":[{"href":"https:\/\/salinasdefuencaliente.es\/en\/wp-json\/wp\/v2\/product\/2876"}],"collection":[{"href":"https:\/\/salinasdefuencaliente.es\/en\/wp-json\/wp\/v2\/product"}],"about":[{"href":"https:\/\/salinasdefuencaliente.es\/en\/wp-json\/wp\/v2\/types\/product"}],"wp:featuredmedia":[{"embeddable":true,"href":"https:\/\/salinasdefuencaliente.es\/en\/wp-json\/wp\/v2\/media\/2867"}],"wp:attachment":[{"href":"https:\/\/salinasdefuencaliente.es\/en\/wp-json\/wp\/v2\/media?parent=2876"}],"wp:term":[{"taxonomy":"product_cat","embeddable":true,"href":"https:\/\/salinasdefuencaliente.es\/en\/wp-json\/wp\/v2\/product_cat?post=2876"},{"taxonomy":"product_tag","embeddable":true,"href":"https:\/\/salinasdefuencaliente.es\/en\/wp-json\/wp\/v2\/product_tag?post=2876"}],"curies":[{"name":"wp","href":"https:\/\/api.w.org\/{rel}","templated":true}]}}