{"id":2855,"date":"2023-06-21T13:02:07","date_gmt":"2023-06-21T13:02:07","guid":{"rendered":"https:\/\/salinasdefuencaliente.es\/?post_type=product&#038;p=2855"},"modified":"2024-07-01T09:19:28","modified_gmt":"2024-07-01T09:19:28","slug":"flor-de-sal-100","status":"publish","type":"product","link":"https:\/\/salinasdefuencaliente.es\/en\/producto\/flor-de-sal-100\/","title":{"rendered":"Flor de Sal 100%"},"content":{"rendered":"<h3><span style=\"color: #fd7f7d;\"><strong>Caracter\u00edsticas<\/strong><\/span><\/h3>\n<p>&nbsp;<\/p>\n<h5>Peso neto: 120 g.<\/h5>\n<h5>Ingredientes: Sal Marina Tenegu\u00eda 100%<\/h5>\n<h5>Tipo de Sal: Flor de Sal<\/h5>\n<h5>Aspecto: Blanco cristalino<\/h5>\n<h5>Aroma: Olor marino<\/h5>\n<h5>Paladar: Suave y agradable al paladar<\/h5>\n<h5>Gastronom\u00eda: Suave y agradable al paladar<\/h5>\n<h5>Alergias\/ intolerancias: No contiene<\/h5>\n","protected":false},"excerpt":{"rendered":"<p>El agua del Atl\u00e1ntico, el fuego del sol, la tierra volc\u00e1nica y el aire de los alisios son los cuatro elementos, que confluyen para dar vida a blancos y cristalinos p\u00e9talos de flor de sal, recolectada con el cuidado y esmero del salinero tradicional. La flor de sal de las SALINAS DE FUENCALIENTE, con su delicado sabor de mar, le da un exquisito gusto a todos sus platos, que sin duda,<br \/>\ncomplace a los paladares m\u00e1s exigentes.<\/p>\n","protected":false},"featured_media":2857,"template":"","meta":[],"product_cat":[250],"product_tag":[251],"yoast_head":"<!-- This site is optimized with the Yoast SEO plugin v21.6 - https:\/\/yoast.com\/wordpress\/plugins\/seo\/ -->\n<title>Flor de Sal 100% - Salinas Marinas de Fuencaliente S.L.<\/title>\n<meta name=\"robots\" content=\"index, follow, max-snippet:-1, max-image-preview:large, max-video-preview:-1\" \/>\n<link rel=\"canonical\" href=\"https:\/\/salinasdefuencaliente.es\/producto\/flor-de-sal-100\/\" \/>\n<meta property=\"og:locale\" content=\"en_US\" \/>\n<meta property=\"og:type\" content=\"article\" \/>\n<meta property=\"og:title\" content=\"Flor de Sal 100% - Salinas Marinas de Fuencaliente S.L.\" \/>\n<meta property=\"og:description\" content=\"El agua del Atl\u00e1ntico, el fuego del sol, la tierra volc\u00e1nica y el aire de los alisios son los cuatro elementos, que confluyen para dar vida a blancos y cristalinos p\u00e9talos de flor de sal, recolectada con el cuidado y esmero del salinero tradicional. La flor de sal de las SALINAS DE FUENCALIENTE, con su delicado sabor de mar, le da un exquisito gusto a todos sus platos, que sin duda, complace a los paladares m\u00e1s exigentes.\" \/>\n<meta property=\"og:url\" content=\"https:\/\/salinasdefuencaliente.es\/producto\/flor-de-sal-100\/\" \/>\n<meta property=\"og:site_name\" content=\"Salinas Marinas de Fuencaliente S.L.\" \/>\n<meta property=\"article:modified_time\" content=\"2024-07-01T09:19:28+00:00\" \/>\n<meta property=\"og:image\" content=\"https:\/\/salinasdefuencaliente.es\/wp-content\/uploads\/2023\/06\/salinas-flor-desal.jpg\" \/>\n\t<meta property=\"og:image:width\" content=\"687\" \/>\n\t<meta property=\"og:image:height\" content=\"720\" \/>\n\t<meta property=\"og:image:type\" content=\"image\/jpeg\" \/>\n<meta name=\"twitter:card\" content=\"summary_large_image\" \/>\n<meta name=\"twitter:label1\" content=\"Est. reading time\" \/>\n\t<meta name=\"twitter:data1\" content=\"1 minute\" \/>\n<script type=\"application\/ld+json\" class=\"yoast-schema-graph\">{\"@context\":\"https:\/\/schema.org\",\"@graph\":[{\"@type\":\"WebPage\",\"@id\":\"https:\/\/salinasdefuencaliente.es\/producto\/flor-de-sal-100\/\",\"url\":\"https:\/\/salinasdefuencaliente.es\/producto\/flor-de-sal-100\/\",\"name\":\"Flor de Sal 100% - Salinas Marinas de Fuencaliente S.L.\",\"isPartOf\":{\"@id\":\"https:\/\/salinasdefuencaliente.es\/#website\"},\"datePublished\":\"2023-06-21T13:02:07+00:00\",\"dateModified\":\"2024-07-01T09:19:28+00:00\",\"breadcrumb\":{\"@id\":\"https:\/\/salinasdefuencaliente.es\/producto\/flor-de-sal-100\/#breadcrumb\"},\"inLanguage\":\"en-US\",\"potentialAction\":[{\"@type\":\"ReadAction\",\"target\":[\"https:\/\/salinasdefuencaliente.es\/producto\/flor-de-sal-100\/\"]}]},{\"@type\":\"BreadcrumbList\",\"@id\":\"https:\/\/salinasdefuencaliente.es\/producto\/flor-de-sal-100\/#breadcrumb\",\"itemListElement\":[{\"@type\":\"ListItem\",\"position\":1,\"name\":\"Portada\",\"item\":\"https:\/\/salinasdefuencaliente.es\/en\/\"},{\"@type\":\"ListItem\",\"position\":2,\"name\":\"Tienda\",\"item\":\"https:\/\/salinasdefuencaliente.es\/tienda\/\"},{\"@type\":\"ListItem\",\"position\":3,\"name\":\"Flor de Sal 100%\"}]},{\"@type\":\"WebSite\",\"@id\":\"https:\/\/salinasdefuencaliente.es\/#website\",\"url\":\"https:\/\/salinasdefuencaliente.es\/\",\"name\":\"Salinas Marinas de Fuencaliente S.L.\",\"description\":\"Un lugar donde el blanco y el negro se funde para dar vida. Salinas artesanales, en la Isla de La Palma, Canarias\",\"potentialAction\":[{\"@type\":\"SearchAction\",\"target\":{\"@type\":\"EntryPoint\",\"urlTemplate\":\"https:\/\/salinasdefuencaliente.es\/?s={search_term_string}\"},\"query-input\":\"required name=search_term_string\"}],\"inLanguage\":\"en-US\"}]}<\/script>\n<!-- \/ Yoast SEO plugin. -->","yoast_head_json":{"title":"Flor de Sal 100% - Salinas Marinas de Fuencaliente S.L.","robots":{"index":"index","follow":"follow","max-snippet":"max-snippet:-1","max-image-preview":"max-image-preview:large","max-video-preview":"max-video-preview:-1"},"canonical":"https:\/\/salinasdefuencaliente.es\/producto\/flor-de-sal-100\/","og_locale":"en_US","og_type":"article","og_title":"Flor de Sal 100% - Salinas Marinas de Fuencaliente S.L.","og_description":"El agua del Atl\u00e1ntico, el fuego del sol, la tierra volc\u00e1nica y el aire de los alisios son los cuatro elementos, que confluyen para dar vida a blancos y cristalinos p\u00e9talos de flor de sal, recolectada con el cuidado y esmero del salinero tradicional. La flor de sal de las SALINAS DE FUENCALIENTE, con su delicado sabor de mar, le da un exquisito gusto a todos sus platos, que sin duda, complace a los paladares m\u00e1s exigentes.","og_url":"https:\/\/salinasdefuencaliente.es\/producto\/flor-de-sal-100\/","og_site_name":"Salinas Marinas de Fuencaliente S.L.","article_modified_time":"2024-07-01T09:19:28+00:00","og_image":[{"width":687,"height":720,"url":"https:\/\/salinasdefuencaliente.es\/wp-content\/uploads\/2023\/06\/salinas-flor-desal.jpg","type":"image\/jpeg"}],"twitter_card":"summary_large_image","twitter_misc":{"Est. reading time":"1 minute"},"schema":{"@context":"https:\/\/schema.org","@graph":[{"@type":"WebPage","@id":"https:\/\/salinasdefuencaliente.es\/producto\/flor-de-sal-100\/","url":"https:\/\/salinasdefuencaliente.es\/producto\/flor-de-sal-100\/","name":"Flor de Sal 100% - Salinas Marinas de Fuencaliente S.L.","isPartOf":{"@id":"https:\/\/salinasdefuencaliente.es\/#website"},"datePublished":"2023-06-21T13:02:07+00:00","dateModified":"2024-07-01T09:19:28+00:00","breadcrumb":{"@id":"https:\/\/salinasdefuencaliente.es\/producto\/flor-de-sal-100\/#breadcrumb"},"inLanguage":"en-US","potentialAction":[{"@type":"ReadAction","target":["https:\/\/salinasdefuencaliente.es\/producto\/flor-de-sal-100\/"]}]},{"@type":"BreadcrumbList","@id":"https:\/\/salinasdefuencaliente.es\/producto\/flor-de-sal-100\/#breadcrumb","itemListElement":[{"@type":"ListItem","position":1,"name":"Portada","item":"https:\/\/salinasdefuencaliente.es\/en\/"},{"@type":"ListItem","position":2,"name":"Tienda","item":"https:\/\/salinasdefuencaliente.es\/tienda\/"},{"@type":"ListItem","position":3,"name":"Flor de Sal 100%"}]},{"@type":"WebSite","@id":"https:\/\/salinasdefuencaliente.es\/#website","url":"https:\/\/salinasdefuencaliente.es\/","name":"Salinas Marinas de Fuencaliente S.L.","description":"Un lugar donde el blanco y el negro se funde para dar vida. Salinas artesanales, en la Isla de La Palma, Canarias","potentialAction":[{"@type":"SearchAction","target":{"@type":"EntryPoint","urlTemplate":"https:\/\/salinasdefuencaliente.es\/?s={search_term_string}"},"query-input":"required name=search_term_string"}],"inLanguage":"en-US"}]}},"_links":{"self":[{"href":"https:\/\/salinasdefuencaliente.es\/en\/wp-json\/wp\/v2\/product\/2855"}],"collection":[{"href":"https:\/\/salinasdefuencaliente.es\/en\/wp-json\/wp\/v2\/product"}],"about":[{"href":"https:\/\/salinasdefuencaliente.es\/en\/wp-json\/wp\/v2\/types\/product"}],"wp:featuredmedia":[{"embeddable":true,"href":"https:\/\/salinasdefuencaliente.es\/en\/wp-json\/wp\/v2\/media\/2857"}],"wp:attachment":[{"href":"https:\/\/salinasdefuencaliente.es\/en\/wp-json\/wp\/v2\/media?parent=2855"}],"wp:term":[{"taxonomy":"product_cat","embeddable":true,"href":"https:\/\/salinasdefuencaliente.es\/en\/wp-json\/wp\/v2\/product_cat?post=2855"},{"taxonomy":"product_tag","embeddable":true,"href":"https:\/\/salinasdefuencaliente.es\/en\/wp-json\/wp\/v2\/product_tag?post=2855"}],"curies":[{"name":"wp","href":"https:\/\/api.w.org\/{rel}","templated":true}]}}