{"id":486,"date":"2012-10-14T17:21:39","date_gmt":"2012-10-14T17:21:39","guid":{"rendered":"http:\/\/salinasdefuencaliente.es\/?page_id=486"},"modified":"2022-11-29T09:42:22","modified_gmt":"2022-11-29T09:42:22","slug":"las-salinas-ingles-pdte","status":"publish","type":"page","link":"https:\/\/salinasdefuencaliente.es\/en\/las-salinas-ingles-pdte\/","title":{"rendered":"Las Salinas Ingl\u00e9s"},"content":{"rendered":"<section class=\"wpb-content-wrapper\"><p>[vc_row][vc_column][vc_single_image image=&#8221;2030&#8243; img_size=&#8221;full&#8221;][vc_empty_space][\/vc_column][\/vc_row][vc_row type=&#8221;grid&#8221;][vc_column][vc_empty_space][vc_column_text]<\/p>\n<h2 style=\"text-align: center;\">LAS SALINAS<\/h2>\n<p style=\"text-align: justify;\">Estas Salinas de Fuencaliente se asientan sobre uno de los parajes m\u00e1s bellos de nuestra Isla. Un manto de piroclastos y el discurrir de las coladas nos recuerdan las recientes erupciones. Sobre estos terrenos se construye el \u00faltimo complejo salinero de Canarias. Si la distorsi\u00f3n de la f\u00e1brica es m\u00ednima, el contraste es extremo, el cegador blancor de la sal dispuesta en los balaches, las ros\u00e1ceas charcas y tajos, la gama de verdes a modo de peque\u00f1as pinceladas, todo ello se plasma a modo de un gran lienzo de fondo negro, fruto de la caprichosa naturaleza. El cantil costero nos marca el l\u00edmite y conjunci\u00f3n de los diferentes elementos naturales para que obre la transformaci\u00f3n.<\/p>\n<p style=\"text-align: justify;\">Las salinas fuencalenteras suponen el <strong>esfuerzo para la pervivencia y la constancia de mantener un legado<\/strong>. Esta labor, la de producir sal de forma tradicional, no exento de cierto romanticismo, se da en la familia Hern\u00e1ndez Villalba. Una empresa que se inicia all\u00e1 en la d\u00e9cada de los sesenta por parte del padre del actual propietario.<\/p>\n<p style=\"text-align: justify;\">Despu\u00e9s de sopesar diferentes emplazamientos m\u00e1s id\u00f3neos para la producci\u00f3n salinera, se decide su construcci\u00f3n en el paraje conocido como Punta de Fuencaliente, cercano al faro, en dicho lugar confluyen todos y cada uno de los elementos necesarios en la producci\u00f3n salinera, un r\u00e9gimen de vientos moderados, una pluviometr\u00eda escasa, un n\u00famero de horas de insolaci\u00f3n suficiente.<\/p>\n<p style=\"text-align: justify;\">Texto: <strong><em>Pedro Merino Mart\u00edn.<\/em><\/strong><\/p>\n<p>[\/vc_column_text][vc_empty_space][vc_empty_space][\/vc_column][\/vc_row][vc_row][vc_column][vc_column_text]<\/p>\n<p>[\/vc_column_text][\/vc_column][\/vc_row]<\/p>\n<\/section>","protected":false},"excerpt":{"rendered":"<p>[vc_row][vc_column][vc_single_image image=&#8221;2030&#8243; img_size=&#8221;full&#8221;][vc_empty_space][\/vc_column][\/vc_row][vc_row type=&#8221;grid&#8221;][vc_column][vc_empty_space][vc_column_text] LAS SALINAS Estas Salinas de Fuencaliente se asientan sobre uno de los parajes m\u00e1s bellos de nuestra Isla. Un manto de piroclastos y el discurrir de las coladas nos recuerdan las recientes erupciones. Sobre estos terrenos se construye el \u00faltimo complejo&#8230;<\/p>\n","protected":false},"author":1,"featured_media":0,"parent":0,"menu_order":0,"comment_status":"open","ping_status":"open","template":"","meta":[],"yoast_head":"<!-- This site is optimized with the Yoast SEO plugin v21.6 - https:\/\/yoast.com\/wordpress\/plugins\/seo\/ -->\n<title>Las Salinas Ingl\u00e9s - Salinas Marinas de Fuencaliente S.L.<\/title>\n<meta name=\"robots\" content=\"index, follow, max-snippet:-1, max-image-preview:large, max-video-preview:-1\" \/>\n<link rel=\"canonical\" href=\"https:\/\/salinasdefuencaliente.es\/en\/las-salinas-ingles-pdte\/\" \/>\n<meta property=\"og:locale\" content=\"en_US\" \/>\n<meta property=\"og:type\" content=\"article\" \/>\n<meta property=\"og:title\" content=\"Las Salinas Ingl\u00e9s - Salinas Marinas de Fuencaliente S.L.\" \/>\n<meta property=\"og:description\" content=\"[vc_row][vc_column][vc_single_image image=&#8221;2030&#8243; img_size=&#8221;full&#8221;][vc_empty_space][\/vc_column][\/vc_row][vc_row type=&#8221;grid&#8221;][vc_column][vc_empty_space][vc_column_text] LAS SALINAS Estas Salinas de Fuencaliente se asientan sobre uno de los parajes m\u00e1s bellos de nuestra Isla. Un manto de piroclastos y el discurrir de las coladas nos recuerdan las recientes erupciones. Sobre estos terrenos se construye el \u00faltimo complejo...\" \/>\n<meta property=\"og:url\" content=\"https:\/\/salinasdefuencaliente.es\/en\/las-salinas-ingles-pdte\/\" \/>\n<meta property=\"og:site_name\" content=\"Salinas Marinas de Fuencaliente S.L.\" \/>\n<meta property=\"article:modified_time\" content=\"2022-11-29T09:42:22+00:00\" \/>\n<meta name=\"twitter:card\" content=\"summary_large_image\" \/>\n<meta name=\"twitter:label1\" content=\"Est. reading time\" \/>\n\t<meta name=\"twitter:data1\" content=\"2 minutes\" \/>\n<script type=\"application\/ld+json\" class=\"yoast-schema-graph\">{\"@context\":\"https:\/\/schema.org\",\"@graph\":[{\"@type\":\"WebPage\",\"@id\":\"https:\/\/salinasdefuencaliente.es\/en\/las-salinas-ingles-pdte\/\",\"url\":\"https:\/\/salinasdefuencaliente.es\/en\/las-salinas-ingles-pdte\/\",\"name\":\"Las Salinas Ingl\u00e9s - Salinas Marinas de Fuencaliente S.L.\",\"isPartOf\":{\"@id\":\"https:\/\/salinasdefuencaliente.es\/#website\"},\"datePublished\":\"2012-10-14T17:21:39+00:00\",\"dateModified\":\"2022-11-29T09:42:22+00:00\",\"breadcrumb\":{\"@id\":\"https:\/\/salinasdefuencaliente.es\/en\/las-salinas-ingles-pdte\/#breadcrumb\"},\"inLanguage\":\"en-US\",\"potentialAction\":[{\"@type\":\"ReadAction\",\"target\":[\"https:\/\/salinasdefuencaliente.es\/en\/las-salinas-ingles-pdte\/\"]}]},{\"@type\":\"BreadcrumbList\",\"@id\":\"https:\/\/salinasdefuencaliente.es\/en\/las-salinas-ingles-pdte\/#breadcrumb\",\"itemListElement\":[{\"@type\":\"ListItem\",\"position\":1,\"name\":\"Portada\",\"item\":\"https:\/\/salinasdefuencaliente.es\/en\/\"},{\"@type\":\"ListItem\",\"position\":2,\"name\":\"Las Salinas Ingl\u00e9s\"}]},{\"@type\":\"WebSite\",\"@id\":\"https:\/\/salinasdefuencaliente.es\/#website\",\"url\":\"https:\/\/salinasdefuencaliente.es\/\",\"name\":\"Salinas Marinas de Fuencaliente S.L.\",\"description\":\"Un lugar donde el blanco y el negro se funde para dar vida. Salinas artesanales, en la Isla de La Palma, Canarias\",\"potentialAction\":[{\"@type\":\"SearchAction\",\"target\":{\"@type\":\"EntryPoint\",\"urlTemplate\":\"https:\/\/salinasdefuencaliente.es\/?s={search_term_string}\"},\"query-input\":\"required name=search_term_string\"}],\"inLanguage\":\"en-US\"}]}<\/script>\n<!-- \/ Yoast SEO plugin. -->","yoast_head_json":{"title":"Las Salinas Ingl\u00e9s - Salinas Marinas de Fuencaliente S.L.","robots":{"index":"index","follow":"follow","max-snippet":"max-snippet:-1","max-image-preview":"max-image-preview:large","max-video-preview":"max-video-preview:-1"},"canonical":"https:\/\/salinasdefuencaliente.es\/en\/las-salinas-ingles-pdte\/","og_locale":"en_US","og_type":"article","og_title":"Las Salinas Ingl\u00e9s - Salinas Marinas de Fuencaliente S.L.","og_description":"[vc_row][vc_column][vc_single_image image=&#8221;2030&#8243; img_size=&#8221;full&#8221;][vc_empty_space][\/vc_column][\/vc_row][vc_row type=&#8221;grid&#8221;][vc_column][vc_empty_space][vc_column_text] LAS SALINAS Estas Salinas de Fuencaliente se asientan sobre uno de los parajes m\u00e1s bellos de nuestra Isla. Un manto de piroclastos y el discurrir de las coladas nos recuerdan las recientes erupciones. Sobre estos terrenos se construye el \u00faltimo complejo...","og_url":"https:\/\/salinasdefuencaliente.es\/en\/las-salinas-ingles-pdte\/","og_site_name":"Salinas Marinas de Fuencaliente S.L.","article_modified_time":"2022-11-29T09:42:22+00:00","twitter_card":"summary_large_image","twitter_misc":{"Est. reading time":"2 minutes"},"schema":{"@context":"https:\/\/schema.org","@graph":[{"@type":"WebPage","@id":"https:\/\/salinasdefuencaliente.es\/en\/las-salinas-ingles-pdte\/","url":"https:\/\/salinasdefuencaliente.es\/en\/las-salinas-ingles-pdte\/","name":"Las Salinas Ingl\u00e9s - Salinas Marinas de Fuencaliente S.L.","isPartOf":{"@id":"https:\/\/salinasdefuencaliente.es\/#website"},"datePublished":"2012-10-14T17:21:39+00:00","dateModified":"2022-11-29T09:42:22+00:00","breadcrumb":{"@id":"https:\/\/salinasdefuencaliente.es\/en\/las-salinas-ingles-pdte\/#breadcrumb"},"inLanguage":"en-US","potentialAction":[{"@type":"ReadAction","target":["https:\/\/salinasdefuencaliente.es\/en\/las-salinas-ingles-pdte\/"]}]},{"@type":"BreadcrumbList","@id":"https:\/\/salinasdefuencaliente.es\/en\/las-salinas-ingles-pdte\/#breadcrumb","itemListElement":[{"@type":"ListItem","position":1,"name":"Portada","item":"https:\/\/salinasdefuencaliente.es\/en\/"},{"@type":"ListItem","position":2,"name":"Las Salinas Ingl\u00e9s"}]},{"@type":"WebSite","@id":"https:\/\/salinasdefuencaliente.es\/#website","url":"https:\/\/salinasdefuencaliente.es\/","name":"Salinas Marinas de Fuencaliente S.L.","description":"Un lugar donde el blanco y el negro se funde para dar vida. Salinas artesanales, en la Isla de La Palma, Canarias","potentialAction":[{"@type":"SearchAction","target":{"@type":"EntryPoint","urlTemplate":"https:\/\/salinasdefuencaliente.es\/?s={search_term_string}"},"query-input":"required name=search_term_string"}],"inLanguage":"en-US"}]}},"_links":{"self":[{"href":"https:\/\/salinasdefuencaliente.es\/en\/wp-json\/wp\/v2\/pages\/486"}],"collection":[{"href":"https:\/\/salinasdefuencaliente.es\/en\/wp-json\/wp\/v2\/pages"}],"about":[{"href":"https:\/\/salinasdefuencaliente.es\/en\/wp-json\/wp\/v2\/types\/page"}],"author":[{"embeddable":true,"href":"https:\/\/salinasdefuencaliente.es\/en\/wp-json\/wp\/v2\/users\/1"}],"replies":[{"embeddable":true,"href":"https:\/\/salinasdefuencaliente.es\/en\/wp-json\/wp\/v2\/comments?post=486"}],"version-history":[{"count":4,"href":"https:\/\/salinasdefuencaliente.es\/en\/wp-json\/wp\/v2\/pages\/486\/revisions"}],"predecessor-version":[{"id":2590,"href":"https:\/\/salinasdefuencaliente.es\/en\/wp-json\/wp\/v2\/pages\/486\/revisions\/2590"}],"wp:attachment":[{"href":"https:\/\/salinasdefuencaliente.es\/en\/wp-json\/wp\/v2\/media?parent=486"}],"curies":[{"name":"wp","href":"https:\/\/api.w.org\/{rel}","templated":true}]}}