{"id":372,"date":"2012-10-11T13:27:20","date_gmt":"2012-10-11T13:27:20","guid":{"rendered":"http:\/\/salinasdefuencaliente.es\/?page_id=372"},"modified":"2026-03-10T10:27:59","modified_gmt":"2026-03-10T10:27:59","slug":"the-garden-of-salt","status":"publish","type":"page","link":"https:\/\/salinasdefuencaliente.es\/en\/the-garden-of-salt\/","title":{"rendered":"El Jard\u00edn de La Sal. Theme Restaurant"},"content":{"rendered":"<section class=\"wpb-content-wrapper\"><p>[vc_row][vc_column][vc_column_text]<\/p>\n<h2 style=\"text-align: center;\">El Jard\u00edn de la Sal. Theme Restaurant<\/h2>\n<div class=\"address-t-record\"><\/div>\n<div class=\"address-t-record\"><\/div>\n<p>[\/vc_column_text][vc_empty_space][vc_column_text]<\/p>\n<h4 style=\"text-align: center;\"><strong>A culinary treasury nestled between the white salts and the black lava.<\/strong><\/h4>\n<p>[\/vc_column_text][vc_empty_space][vc_media_grid grid_id=&#8221;vc_gid:1773138533865-0c1003a5-09b1-2&#8243; include=&#8221;2698,2701,2689,2704,2686,2683,2713,2695,2723&#8243;][vc_empty_space][\/vc_column][\/vc_row][vc_row][vc_column width=&#8221;3\/4&#8243;][vc_column_text]<\/p>\n<p style=\"text-align: justify;\">In perfect harmony with its surroundings, an epitome of how to interact with a <strong>Protected Nature Reserve Espacio Natural Protegido<\/strong>, without altering its nature or visual landscape, the <strong>El Jard\u00edn de la Sal Thematic Restaurant <\/strong>has been open since September 2013.<\/p>\n<p style=\"text-align: justify;\">The young head chef Juan Carlos Rodr\u00edguez Curpa has learned to quickly absorb the family, social and cultural legacy that ties the saltpans to the Hern\u00e1ndez family, and infuses all the flavours of the values pervading this family business into his dishes.<\/p>\n<p style=\"text-align: justify;\">His motto,<em>\u201cCocina con alma, sentimiento y coraz\u00f3n\u201d<\/em>, or <em>&#8220;Cooking with soul, emotion and pluck&#8221;<\/em>, is written on one of the walls in his kitchen as a daily reminder. Curpa&#8217;s kitchen has become a laboratory for the expansive universe of salt and a testing ground for the new lines of aromatic salts that will soon be marketed. <strong> Flor de sal with black olives, baby squid ink, lime, etc., or even the first tests on liquid salts and even the highly popular <\/strong> <em>\u201cGarum\u201d.<\/em><\/p>\n<p style=\"text-align: justify;\"><strong>Juan Carlos Rodr\u00edguez Curpa<\/strong>, studied at the IES Virgen de las Nieves in Santa Cruz de la Palma and gained experience working at the regional Parador. He has a special interest in local products, La Palma cheeses (DOPQ), honeys and particularly fish from the small pier next to the Fuencaliente Lighthouse, which are all featured in his creations. To fully understand, you need only look at his bright eyes and huge smile as he handles not so commercially popular species such as a simple escolar or halibut, beltfish or hairtail, which he can skilfully transform into a culinary delight.<\/p>\n<p>[\/vc_column_text][vc_empty_space][vc_column_text]<\/p>\n<p style=\"text-align: justify;\"><strong>Tasting menu by prior reservation.<\/strong><\/p>\n<p>[\/vc_column_text][vc_empty_space][vc_btn title=&#8221;RESTAURANT MENU&#8221; style=&#8221;flat&#8221; shape=&#8221;square&#8221; color=&#8221;danger&#8221; i_align=&#8221;right&#8221; i_icon_fontawesome=&#8221;far fa-file-pdf&#8221; add_icon=&#8221;true&#8221; link=&#8221;url:https%3A%2F%2Fsalinasdefuencaliente.es%2Fwp-content%2Fuploads%2F2024%2F08%2FCARTA-RESTAURANTE-2024.pdf|target:_blank&#8221;][vc_empty_space height=&#8221;12px&#8221;][vc_btn title=&#8221;CAFETERIA MENU&#8221; style=&#8221;flat&#8221; shape=&#8221;square&#8221; color=&#8221;danger&#8221; i_align=&#8221;right&#8221; i_icon_fontawesome=&#8221;far fa-file-pdf&#8221; add_icon=&#8221;true&#8221; link=&#8221;url:https%3A%2F%2Fsalinasdefuencaliente.es%2Fwp-content%2Fuploads%2F2024%2F08%2FCARTA-CAFETERIA-2024.pdf|target:_blank&#8221;][vc_empty_space][vc_empty_space][vc_column_text]<\/p>\n<h2 style=\"text-align: justify;\">Ficha t\u00e9cnica<\/h2>\n<p>[\/vc_column_text][vc_empty_space][vc_row_inner][vc_column_inner width=&#8221;1\/2&#8243;][vc_column_text]<strong>Dining Room Capacity:<\/strong> 80 people.<br \/>\n<strong>Atmosphere and Decor:<\/strong> Pleasant, seafood-inspired.<br \/>\n<strong>Restaurant Criteria:<\/strong> Gluten-free menu, vegetarian menu. Tasting menu (reservation required)<br \/>\n<strong>Manager:<\/strong>\u00a0Andr\u00e9s F. Hern\u00e1ndez.Garc\u00eda<br \/>\n<strong>Dining Room Manager:<\/strong> Jose Rodrigo Rovira Gallardo[\/vc_column_text][\/vc_column_inner][vc_column_inner width=&#8221;1\/2&#8243;][vc_column_text]<strong>Opening Year:<\/strong>\u00a02013<br \/>\n<strong>Cuisine Type: <\/strong>Contemporary, Canarian.<br \/>\n<strong>Clientele:<\/strong> Family, Corporate, Young, Tourist, Elegant.<br \/>\n<strong>Owner:<\/strong> Salina Marinas de Fuencaliente, S.L.<br \/>\n<strong>Sommelier:<\/strong>\u00a0Jose Rodrigo Rovira Gallardo[\/vc_column_text][\/vc_column_inner][\/vc_row_inner][vc_empty_space][\/vc_column][vc_column width=&#8221;1\/4&#8243;][vc_single_image image=&#8221;3699&#8243; img_size=&#8221;medium&#8221; alignment=&#8221;center&#8221; onclick=&#8221;custom_link&#8221; img_link_target=&#8221;_blank&#8221; link=&#8221;https:\/\/www.guiarepsol.com\/es\/fichas\/restaurante\/el-jardin-de-la-sal-10693\/&#8221;][vc_empty_space height=&#8221;18px&#8221;][vc_gallery type=&#8221;image_grid&#8221; images=&#8221;2661&#8243; img_size=&#8221;full&#8221; onclick=&#8221;custom_link&#8221; custom_links_target=&#8221;_blank&#8221; column_number=&#8221;0&#8243; custom_links=&#8221;#E-8_aHR0cHMlM0ElMkYlMkZndWlkZS5taWNoZWxpbi5jb20lMkZlcyUyRmVzJTJGY2FuYXJpYXMlMkZsYXMtY2FsZXRhcyUyRnJlc3RhdXJhbnRlJTJGZWwtamFyZGluLWRlLWxhLXNhbA==&#8221;][vc_empty_space height=&#8221;18px&#8221;][vc_gallery type=&#8221;image_grid&#8221; images=&#8221;2243&#8243; img_size=&#8221;336&#215;215&#8243; column_number=&#8221;0&#8243;][vc_empty_space height=&#8221;18px&#8221;][vc_empty_space height=&#8221;18px&#8221;][vc_column_text]<\/p>\n<h4 class=\"address-t-record\"><strong>CONTACT<\/strong><\/h4>\n<div class=\"address-t-record\">Telephone y booking: <strong>922 979 800<\/strong><br \/>\nEmail: <strong>info@salinasdefuencaliente.com<\/strong><br \/>\nCtra. La Costa-El Faro, 5.<br \/>\n38740, Fuencaliente de la Palma. Isla de La Palma.<br \/>\nSanta Cruz de Tenerife, Espa\u00f1a.<\/div>\n<div class=\"address-t-record\"><\/div>\n<p>[\/vc_column_text][vc_empty_space height=&#8221;18px&#8221;][vc_empty_space height=&#8221;18px&#8221;][vc_column_text]<\/p>\n<h4><strong>SCHEDULE<\/strong><\/h4>\n<p><b>Restaurant<\/b><\/p>\n<div class=\"address-t-record\">\n<ul>\n<li>Everyday from 1:00 p.m. to 6:00 p.m.<\/li>\n<\/ul>\n<p><b>Coffee Bar<\/b><\/p>\n<ul>\n<li>Every day from 11 a.m. to 7 p.m.<\/li>\n<\/ul>\n<p><b>Info-Shop<\/b><\/p>\n<ul>\n<li>Every day from 11 a.m. to 7 p.m.<\/li>\n<\/ul>\n<\/div>\n<div class=\"address-t-record\"><\/div>\n<p>[\/vc_column_text][vc_empty_space height=&#8221;18px&#8221;][vc_empty_space height=&#8221;18px&#8221;][\/vc_column][\/vc_row]<\/p>\n<\/section>","protected":false},"excerpt":{"rendered":"<p>[vc_row][vc_column][vc_column_text] El Jard\u00edn de la Sal. Theme Restaurant [\/vc_column_text][vc_empty_space][vc_column_text] A culinary treasury nestled between the white salts and the black lava. [\/vc_column_text][vc_empty_space][vc_media_grid grid_id=&#8221;vc_gid:1773138533865-0c1003a5-09b1-2&#8243; include=&#8221;2698,2701,2689,2704,2686,2683,2713,2695,2723&#8243;][vc_empty_space][\/vc_column][\/vc_row][vc_row][vc_column width=&#8221;3\/4&#8243;][vc_column_text] In perfect harmony with its surroundings, an epitome of how to interact with a Protected Nature Reserve Espacio Natural Protegido,&#8230;<\/p>\n","protected":false},"author":1,"featured_media":400,"parent":0,"menu_order":0,"comment_status":"closed","ping_status":"closed","template":"","meta":[],"yoast_head":"<!-- This site is optimized with the Yoast SEO plugin v21.6 - https:\/\/yoast.com\/wordpress\/plugins\/seo\/ -->\n<title>El Jard\u00edn de La Sal. Theme Restaurant - Salinas Marinas de Fuencaliente S.L.<\/title>\n<meta name=\"robots\" content=\"index, follow, max-snippet:-1, max-image-preview:large, max-video-preview:-1\" \/>\n<link rel=\"canonical\" href=\"https:\/\/salinasdefuencaliente.es\/en\/the-garden-of-salt\/\" \/>\n<meta property=\"og:locale\" content=\"en_US\" \/>\n<meta property=\"og:type\" content=\"article\" \/>\n<meta property=\"og:title\" content=\"El Jard\u00edn de La Sal. Theme Restaurant - Salinas Marinas de Fuencaliente S.L.\" \/>\n<meta property=\"og:description\" content=\"[vc_row][vc_column][vc_column_text] El Jard\u00edn de la Sal. Theme Restaurant [\/vc_column_text][vc_empty_space][vc_column_text] A culinary treasury nestled between the white salts and the black lava. [\/vc_column_text][vc_empty_space][vc_media_grid grid_id=&#8221;vc_gid:1773138533865-0c1003a5-09b1-2&#8243; include=&#8221;2698,2701,2689,2704,2686,2683,2713,2695,2723&#8243;][vc_empty_space][\/vc_column][\/vc_row][vc_row][vc_column width=&#8221;3\/4&#8243;][vc_column_text] In perfect harmony with its surroundings, an epitome of how to interact with a Protected Nature Reserve Espacio Natural Protegido,...\" \/>\n<meta property=\"og:url\" content=\"https:\/\/salinasdefuencaliente.es\/en\/the-garden-of-salt\/\" \/>\n<meta property=\"og:site_name\" content=\"Salinas Marinas de Fuencaliente S.L.\" \/>\n<meta property=\"article:modified_time\" content=\"2026-03-10T10:27:59+00:00\" \/>\n<meta property=\"og:image\" content=\"https:\/\/salinasdefuencaliente.es\/wp-content\/uploads\/2012\/10\/DSC_0288_small2.jpg\" \/>\n\t<meta property=\"og:image:width\" content=\"800\" \/>\n\t<meta property=\"og:image:height\" content=\"531\" \/>\n\t<meta property=\"og:image:type\" content=\"image\/jpeg\" \/>\n<meta name=\"twitter:card\" content=\"summary_large_image\" \/>\n<meta name=\"twitter:label1\" content=\"Est. reading time\" \/>\n\t<meta name=\"twitter:data1\" content=\"3 minutes\" \/>\n<script type=\"application\/ld+json\" class=\"yoast-schema-graph\">{\"@context\":\"https:\/\/schema.org\",\"@graph\":[{\"@type\":\"WebPage\",\"@id\":\"https:\/\/salinasdefuencaliente.es\/en\/the-garden-of-salt\/\",\"url\":\"https:\/\/salinasdefuencaliente.es\/en\/the-garden-of-salt\/\",\"name\":\"El Jard\u00edn de La Sal. Theme Restaurant - Salinas Marinas de Fuencaliente S.L.\",\"isPartOf\":{\"@id\":\"https:\/\/salinasdefuencaliente.es\/#website\"},\"datePublished\":\"2012-10-11T13:27:20+00:00\",\"dateModified\":\"2026-03-10T10:27:59+00:00\",\"breadcrumb\":{\"@id\":\"https:\/\/salinasdefuencaliente.es\/en\/the-garden-of-salt\/#breadcrumb\"},\"inLanguage\":\"en-US\",\"potentialAction\":[{\"@type\":\"ReadAction\",\"target\":[\"https:\/\/salinasdefuencaliente.es\/en\/the-garden-of-salt\/\"]}]},{\"@type\":\"BreadcrumbList\",\"@id\":\"https:\/\/salinasdefuencaliente.es\/en\/the-garden-of-salt\/#breadcrumb\",\"itemListElement\":[{\"@type\":\"ListItem\",\"position\":1,\"name\":\"Portada\",\"item\":\"https:\/\/salinasdefuencaliente.es\/en\/\"},{\"@type\":\"ListItem\",\"position\":2,\"name\":\"El Jard\u00edn de La Sal. Theme Restaurant\"}]},{\"@type\":\"WebSite\",\"@id\":\"https:\/\/salinasdefuencaliente.es\/#website\",\"url\":\"https:\/\/salinasdefuencaliente.es\/\",\"name\":\"Salinas Marinas de Fuencaliente S.L.\",\"description\":\"Un lugar donde el blanco y el negro se funde para dar vida. Salinas artesanales, en la Isla de La Palma, Canarias\",\"potentialAction\":[{\"@type\":\"SearchAction\",\"target\":{\"@type\":\"EntryPoint\",\"urlTemplate\":\"https:\/\/salinasdefuencaliente.es\/?s={search_term_string}\"},\"query-input\":\"required name=search_term_string\"}],\"inLanguage\":\"en-US\"}]}<\/script>\n<!-- \/ Yoast SEO plugin. -->","yoast_head_json":{"title":"El Jard\u00edn de La Sal. Theme Restaurant - Salinas Marinas de Fuencaliente S.L.","robots":{"index":"index","follow":"follow","max-snippet":"max-snippet:-1","max-image-preview":"max-image-preview:large","max-video-preview":"max-video-preview:-1"},"canonical":"https:\/\/salinasdefuencaliente.es\/en\/the-garden-of-salt\/","og_locale":"en_US","og_type":"article","og_title":"El Jard\u00edn de La Sal. Theme Restaurant - Salinas Marinas de Fuencaliente S.L.","og_description":"[vc_row][vc_column][vc_column_text] El Jard\u00edn de la Sal. Theme Restaurant [\/vc_column_text][vc_empty_space][vc_column_text] A culinary treasury nestled between the white salts and the black lava. [\/vc_column_text][vc_empty_space][vc_media_grid grid_id=&#8221;vc_gid:1773138533865-0c1003a5-09b1-2&#8243; include=&#8221;2698,2701,2689,2704,2686,2683,2713,2695,2723&#8243;][vc_empty_space][\/vc_column][\/vc_row][vc_row][vc_column width=&#8221;3\/4&#8243;][vc_column_text] In perfect harmony with its surroundings, an epitome of how to interact with a Protected Nature Reserve Espacio Natural Protegido,...","og_url":"https:\/\/salinasdefuencaliente.es\/en\/the-garden-of-salt\/","og_site_name":"Salinas Marinas de Fuencaliente S.L.","article_modified_time":"2026-03-10T10:27:59+00:00","og_image":[{"width":800,"height":531,"url":"https:\/\/salinasdefuencaliente.es\/wp-content\/uploads\/2012\/10\/DSC_0288_small2.jpg","type":"image\/jpeg"}],"twitter_card":"summary_large_image","twitter_misc":{"Est. reading time":"3 minutes"},"schema":{"@context":"https:\/\/schema.org","@graph":[{"@type":"WebPage","@id":"https:\/\/salinasdefuencaliente.es\/en\/the-garden-of-salt\/","url":"https:\/\/salinasdefuencaliente.es\/en\/the-garden-of-salt\/","name":"El Jard\u00edn de La Sal. Theme Restaurant - Salinas Marinas de Fuencaliente S.L.","isPartOf":{"@id":"https:\/\/salinasdefuencaliente.es\/#website"},"datePublished":"2012-10-11T13:27:20+00:00","dateModified":"2026-03-10T10:27:59+00:00","breadcrumb":{"@id":"https:\/\/salinasdefuencaliente.es\/en\/the-garden-of-salt\/#breadcrumb"},"inLanguage":"en-US","potentialAction":[{"@type":"ReadAction","target":["https:\/\/salinasdefuencaliente.es\/en\/the-garden-of-salt\/"]}]},{"@type":"BreadcrumbList","@id":"https:\/\/salinasdefuencaliente.es\/en\/the-garden-of-salt\/#breadcrumb","itemListElement":[{"@type":"ListItem","position":1,"name":"Portada","item":"https:\/\/salinasdefuencaliente.es\/en\/"},{"@type":"ListItem","position":2,"name":"El Jard\u00edn de La Sal. Theme Restaurant"}]},{"@type":"WebSite","@id":"https:\/\/salinasdefuencaliente.es\/#website","url":"https:\/\/salinasdefuencaliente.es\/","name":"Salinas Marinas de Fuencaliente S.L.","description":"Un lugar donde el blanco y el negro se funde para dar vida. Salinas artesanales, en la Isla de La Palma, Canarias","potentialAction":[{"@type":"SearchAction","target":{"@type":"EntryPoint","urlTemplate":"https:\/\/salinasdefuencaliente.es\/?s={search_term_string}"},"query-input":"required name=search_term_string"}],"inLanguage":"en-US"}]}},"_links":{"self":[{"href":"https:\/\/salinasdefuencaliente.es\/en\/wp-json\/wp\/v2\/pages\/372"}],"collection":[{"href":"https:\/\/salinasdefuencaliente.es\/en\/wp-json\/wp\/v2\/pages"}],"about":[{"href":"https:\/\/salinasdefuencaliente.es\/en\/wp-json\/wp\/v2\/types\/page"}],"author":[{"embeddable":true,"href":"https:\/\/salinasdefuencaliente.es\/en\/wp-json\/wp\/v2\/users\/1"}],"replies":[{"embeddable":true,"href":"https:\/\/salinasdefuencaliente.es\/en\/wp-json\/wp\/v2\/comments?post=372"}],"version-history":[{"count":31,"href":"https:\/\/salinasdefuencaliente.es\/en\/wp-json\/wp\/v2\/pages\/372\/revisions"}],"predecessor-version":[{"id":3706,"href":"https:\/\/salinasdefuencaliente.es\/en\/wp-json\/wp\/v2\/pages\/372\/revisions\/3706"}],"wp:featuredmedia":[{"embeddable":true,"href":"https:\/\/salinasdefuencaliente.es\/en\/wp-json\/wp\/v2\/media\/400"}],"wp:attachment":[{"href":"https:\/\/salinasdefuencaliente.es\/en\/wp-json\/wp\/v2\/media?parent=372"}],"curies":[{"name":"wp","href":"https:\/\/api.w.org\/{rel}","templated":true}]}}