{"id":589,"date":"2012-11-05T15:45:43","date_gmt":"2012-11-05T15:45:43","guid":{"rendered":"http:\/\/salinasdefuencaliente.es\/?page_id=589"},"modified":"2016-02-22T11:51:42","modified_gmt":"2016-02-22T11:51:42","slug":"videos","status":"publish","type":"page","link":"https:\/\/salinasdefuencaliente.es\/de\/videos\/","title":{"rendered":"Videos"},"content":{"rendered":"<section class=\"wpb-content-wrapper\"><p>[vc_row][vc_column width=&#8220;1\/2&#8243;][vc_column_text]<\/p>\n<h2 class=\"yt watch-title-container\"><span id=\"eow-title\" class=\"watch-title \" dir=\"ltr\" title=\"Restaurante Tem\u00e1tico Jard\u00edn de La Sal\">Restaurante Tem\u00e1tico Jard\u00edn de La Sal<\/span><\/h2>\n<p>[\/vc_column_text][vc_separator type=&#8220;transparent&#8220; position=&#8220;center&#8220; up=&#8220;10&#8243;][vc_video link=&#8220;https:\/\/www.youtube.com\/watch?v=qd9u_cuZXUQ&#8220;][vc_empty_space height=&#8220;52px&#8220;][\/vc_column][vc_column width=&#8220;1\/2&#8243;][vc_column_text]<\/p>\n<h2 class=\"yt watch-title-container\"><span id=\"eow-title\" class=\"watch-title \" dir=\"ltr\" title=\"La Palma Emprende. Salinas Marinas de Fuencaliente y Restaurante Tem\u00e1tico el Jard\u00edn de La Sal\">La Palma Emprende. Salinas Marinas de Fuencaliente y Restaurante Tem\u00e1tico el Jard\u00edn de La Sal<\/span><\/h2>\n<p>[\/vc_column_text][vc_separator type=&#8220;transparent&#8220; position=&#8220;center&#8220; up=&#8220;10&#8243;][vc_video link=&#8220;https:\/\/www.youtube.com\/watch?v=pzBBIZ2gk2k&#8220;][vc_empty_space height=&#8220;52px&#8220;][\/vc_column][\/vc_row][vc_row][vc_column width=&#8220;1\/2&#8243;][vc_column_text]<\/p>\n<h2 class=\"yt watch-title-container\"><span id=\"eow-title\" class=\"watch-title \" dir=\"ltr\" title=\"Presentaci\u00f3n de SALINAS DE FUENCALIENTE en la Factor\u00eda de Innovaci\u00f3n de La Palma\">Presentaci\u00f3n de SALINAS DE FUENCALIENTE en la Factor\u00eda de Innovaci\u00f3n de La Palma<\/span><\/h2>\n<p>[\/vc_column_text][vc_separator type=&#8220;transparent&#8220; position=&#8220;center&#8220; up=&#8220;10&#8243;][vc_video link=&#8220;https:\/\/youtu.be\/dtO_93YkI4w&#8220;][vc_empty_space height=&#8220;52px&#8220;][\/vc_column][vc_column width=&#8220;1\/2&#8243;][vc_column_text]<\/p>\n<h2>Presentaci\u00f3n de LAS SALINAS DE FUENCALIENTE, dentro del programa INCOARA<\/h2>\n<p>[\/vc_column_text][vc_separator type=&#8220;transparent&#8220; position=&#8220;center&#8220; up=&#8220;10&#8243;][vc_video link=&#8220;https:\/\/www.youtube.com\/watch?v=Fe2DxSOt9Tk&#8220;][vc_empty_space height=&#8220;52px&#8220;][\/vc_column][\/vc_row][vc_row row_type=&#8220;row&#8220; type=&#8220;full_width&#8220; text_align=&#8220;left&#8220; background_image_as_pattern=&#8220;without_pattern&#8220; padding_top=&#8220;30&#8243;][vc_column width=&#8220;1\/2&#8243;][vc_column_text]<\/p>\n<h2>SALINAS DE FUENCALIENTE\u00a0<span id=\"eow-title\" class=\"watch-title \" dir=\"ltr\" title=\"Salinas de Fuencaliente Vulcano Venus\">Vulcano Venus<\/span><\/h2>\n<p>[\/vc_column_text][vc_separator type=&#8220;transparent&#8220; position=&#8220;center&#8220; up=&#8220;10&#8243;][vc_video link=&#8220;https:\/\/youtu.be\/3CCV9vnYp7o&#8220;][vc_empty_space height=&#8220;52px&#8220;][\/vc_column][vc_column width=&#8220;1\/2&#8243;][vc_column_text]<\/p>\n<h2>SALINAS DE FUENCALIENTE<span id=\"eow-title\" class=\"watch-title \" dir=\"ltr\" title=\"Salinas de Fuencaliente. Negocios Ecol\u00f3gicos en Canarias Directo\">. Negocios Ecol\u00f3gicos en Canarias Directo<\/span><\/h2>\n<p class=\"yt watch-title-container\">[\/vc_column_text][vc_separator type=&#8220;transparent&#8220; position=&#8220;center&#8220; up=&#8220;10&#8243;][vc_video link=&#8220;https:\/\/youtu.be\/vg38JK3ArTE&#8220;][vc_empty_space height=&#8220;52px&#8220;][\/vc_column][\/vc_row][vc_row][vc_column width=&#8220;1\/2&#8243;][vc_column_text]<\/p>\n<h2>SALINAS DE FUENCALIENTE en el programa de TV\u00a0Canaria: <em>&#8222;El gusto es m\u00edo&#8220;<\/em><\/h2>\n<p>[\/vc_column_text][vc_separator type=&#8220;transparent&#8220; position=&#8220;center&#8220; up=&#8220;10&#8243;][vc_video link=&#8220;http:\/\/www.youtube.com\/watch?v=cCfGgSVZsWA&amp;feature=share&amp;list=ULcCfGgSVZsWA&#8220;][vc_empty_space height=&#8220;52px&#8220;][\/vc_column][vc_column width=&#8220;1\/2&#8243;][vc_column_text]<\/p>\n<h2>SALINAS DE FUENCALIENTE. Flor de sal<\/h2>\n<p>[\/vc_column_text][vc_separator type=&#8220;transparent&#8220; position=&#8220;center&#8220; up=&#8220;10&#8243;][vc_video link=&#8220;https:\/\/www.youtube.com\/watch?v=c_H0dxf-zM8&#8243;][vc_empty_space height=&#8220;52px&#8220;][\/vc_column][\/vc_row][vc_row][vc_column width=&#8220;1\/1&#8243;][vc_separator type=&#8220;transparent&#8220; position=&#8220;center&#8220; up=&#8220;40&#8243;][\/vc_column][\/vc_row]<\/p>\n<\/section>","protected":false},"excerpt":{"rendered":"<p>[vc_row][vc_column width=&#8220;1\/2&#8243;][vc_column_text] Restaurante Tem\u00e1tico Jard\u00edn de La Sal [\/vc_column_text][vc_separator type=&#8220;transparent&#8220; position=&#8220;center&#8220; up=&#8220;10&#8243;][vc_video link=&#8220;https:\/\/www.youtube.com\/watch?v=qd9u_cuZXUQ&#8220;][vc_empty_space height=&#8220;52px&#8220;][\/vc_column][vc_column width=&#8220;1\/2&#8243;][vc_column_text] La Palma Emprende. Salinas Marinas de Fuencaliente y Restaurante Tem\u00e1tico el Jard\u00edn de La Sal [\/vc_column_text][vc_separator type=&#8220;transparent&#8220; position=&#8220;center&#8220; up=&#8220;10&#8243;][vc_video link=&#8220;https:\/\/www.youtube.com\/watch?v=pzBBIZ2gk2k&#8220;][vc_empty_space height=&#8220;52px&#8220;][\/vc_column][\/vc_row][vc_row][vc_column width=&#8220;1\/2&#8243;][vc_column_text] Presentaci\u00f3n de SALINAS DE FUENCALIENTE en la Factor\u00eda&#8230;<\/p>\n","protected":false},"author":1,"featured_media":0,"parent":0,"menu_order":0,"comment_status":"open","ping_status":"open","template":"","meta":[],"yoast_head":"<!-- This site is optimized with the Yoast SEO plugin v21.6 - https:\/\/yoast.com\/wordpress\/plugins\/seo\/ -->\n<title>Videos - Salinas Marinas de Fuencaliente S.L.<\/title>\n<meta name=\"robots\" content=\"index, follow, max-snippet:-1, max-image-preview:large, max-video-preview:-1\" \/>\n<link rel=\"canonical\" href=\"https:\/\/salinasdefuencaliente.es\/de\/videos\/\" \/>\n<meta property=\"og:locale\" content=\"de_DE\" \/>\n<meta property=\"og:type\" content=\"article\" \/>\n<meta property=\"og:title\" content=\"Videos - Salinas Marinas de Fuencaliente S.L.\" \/>\n<meta property=\"og:description\" content=\"[vc_row][vc_column width=&#8220;1\/2&#8243;][vc_column_text] Restaurante Tem\u00e1tico Jard\u00edn de La Sal [\/vc_column_text][vc_separator type=&#8220;transparent&#8220; position=&#8220;center&#8220; up=&#8220;10&#8243;][vc_video link=&#8220;https:\/\/www.youtube.com\/watch?v=qd9u_cuZXUQ&#8220;][vc_empty_space height=&#8220;52px&#8220;][\/vc_column][vc_column width=&#8220;1\/2&#8243;][vc_column_text] La Palma Emprende. Salinas Marinas de Fuencaliente y Restaurante Tem\u00e1tico el Jard\u00edn de La Sal [\/vc_column_text][vc_separator type=&#8220;transparent&#8220; position=&#8220;center&#8220; up=&#8220;10&#8243;][vc_video link=&#8220;https:\/\/www.youtube.com\/watch?v=pzBBIZ2gk2k&#8220;][vc_empty_space height=&#8220;52px&#8220;][\/vc_column][\/vc_row][vc_row][vc_column width=&#8220;1\/2&#8243;][vc_column_text] Presentaci\u00f3n de SALINAS DE FUENCALIENTE en la Factor\u00eda...\" \/>\n<meta property=\"og:url\" content=\"https:\/\/salinasdefuencaliente.es\/de\/videos\/\" \/>\n<meta property=\"og:site_name\" content=\"Salinas Marinas de Fuencaliente S.L.\" \/>\n<meta property=\"article:modified_time\" content=\"2016-02-22T11:51:42+00:00\" \/>\n<meta name=\"twitter:card\" content=\"summary_large_image\" \/>\n<meta name=\"twitter:label1\" content=\"Gesch\u00e4tzte Lesezeit\" \/>\n\t<meta name=\"twitter:data1\" content=\"2\u00a0Minuten\" \/>\n<script type=\"application\/ld+json\" class=\"yoast-schema-graph\">{\"@context\":\"https:\/\/schema.org\",\"@graph\":[{\"@type\":\"WebPage\",\"@id\":\"https:\/\/salinasdefuencaliente.es\/de\/videos\/\",\"url\":\"https:\/\/salinasdefuencaliente.es\/de\/videos\/\",\"name\":\"Videos - Salinas Marinas de Fuencaliente S.L.\",\"isPartOf\":{\"@id\":\"https:\/\/salinasdefuencaliente.es\/#website\"},\"datePublished\":\"2012-11-05T15:45:43+00:00\",\"dateModified\":\"2016-02-22T11:51:42+00:00\",\"breadcrumb\":{\"@id\":\"https:\/\/salinasdefuencaliente.es\/de\/videos\/#breadcrumb\"},\"inLanguage\":\"de\",\"potentialAction\":[{\"@type\":\"ReadAction\",\"target\":[\"https:\/\/salinasdefuencaliente.es\/de\/videos\/\"]}]},{\"@type\":\"BreadcrumbList\",\"@id\":\"https:\/\/salinasdefuencaliente.es\/de\/videos\/#breadcrumb\",\"itemListElement\":[{\"@type\":\"ListItem\",\"position\":1,\"name\":\"Portada\",\"item\":\"https:\/\/salinasdefuencaliente.es\/de\/\"},{\"@type\":\"ListItem\",\"position\":2,\"name\":\"Videos\"}]},{\"@type\":\"WebSite\",\"@id\":\"https:\/\/salinasdefuencaliente.es\/#website\",\"url\":\"https:\/\/salinasdefuencaliente.es\/\",\"name\":\"Salinas Marinas de Fuencaliente S.L.\",\"description\":\"Un lugar donde el blanco y el negro se funde para dar vida. Salinas artesanales, en la Isla de La Palma, Canarias\",\"potentialAction\":[{\"@type\":\"SearchAction\",\"target\":{\"@type\":\"EntryPoint\",\"urlTemplate\":\"https:\/\/salinasdefuencaliente.es\/?s={search_term_string}\"},\"query-input\":\"required name=search_term_string\"}],\"inLanguage\":\"de\"}]}<\/script>\n<!-- \/ Yoast SEO plugin. -->","yoast_head_json":{"title":"Videos - Salinas Marinas de Fuencaliente S.L.","robots":{"index":"index","follow":"follow","max-snippet":"max-snippet:-1","max-image-preview":"max-image-preview:large","max-video-preview":"max-video-preview:-1"},"canonical":"https:\/\/salinasdefuencaliente.es\/de\/videos\/","og_locale":"de_DE","og_type":"article","og_title":"Videos - Salinas Marinas de Fuencaliente S.L.","og_description":"[vc_row][vc_column width=&#8220;1\/2&#8243;][vc_column_text] Restaurante Tem\u00e1tico Jard\u00edn de La Sal [\/vc_column_text][vc_separator type=&#8220;transparent&#8220; position=&#8220;center&#8220; up=&#8220;10&#8243;][vc_video link=&#8220;https:\/\/www.youtube.com\/watch?v=qd9u_cuZXUQ&#8220;][vc_empty_space height=&#8220;52px&#8220;][\/vc_column][vc_column width=&#8220;1\/2&#8243;][vc_column_text] La Palma Emprende. Salinas Marinas de Fuencaliente y Restaurante Tem\u00e1tico el Jard\u00edn de La Sal [\/vc_column_text][vc_separator type=&#8220;transparent&#8220; position=&#8220;center&#8220; up=&#8220;10&#8243;][vc_video link=&#8220;https:\/\/www.youtube.com\/watch?v=pzBBIZ2gk2k&#8220;][vc_empty_space height=&#8220;52px&#8220;][\/vc_column][\/vc_row][vc_row][vc_column width=&#8220;1\/2&#8243;][vc_column_text] Presentaci\u00f3n de SALINAS DE FUENCALIENTE en la Factor\u00eda...","og_url":"https:\/\/salinasdefuencaliente.es\/de\/videos\/","og_site_name":"Salinas Marinas de Fuencaliente S.L.","article_modified_time":"2016-02-22T11:51:42+00:00","twitter_card":"summary_large_image","twitter_misc":{"Gesch\u00e4tzte Lesezeit":"2\u00a0Minuten"},"schema":{"@context":"https:\/\/schema.org","@graph":[{"@type":"WebPage","@id":"https:\/\/salinasdefuencaliente.es\/de\/videos\/","url":"https:\/\/salinasdefuencaliente.es\/de\/videos\/","name":"Videos - Salinas Marinas de Fuencaliente S.L.","isPartOf":{"@id":"https:\/\/salinasdefuencaliente.es\/#website"},"datePublished":"2012-11-05T15:45:43+00:00","dateModified":"2016-02-22T11:51:42+00:00","breadcrumb":{"@id":"https:\/\/salinasdefuencaliente.es\/de\/videos\/#breadcrumb"},"inLanguage":"de","potentialAction":[{"@type":"ReadAction","target":["https:\/\/salinasdefuencaliente.es\/de\/videos\/"]}]},{"@type":"BreadcrumbList","@id":"https:\/\/salinasdefuencaliente.es\/de\/videos\/#breadcrumb","itemListElement":[{"@type":"ListItem","position":1,"name":"Portada","item":"https:\/\/salinasdefuencaliente.es\/de\/"},{"@type":"ListItem","position":2,"name":"Videos"}]},{"@type":"WebSite","@id":"https:\/\/salinasdefuencaliente.es\/#website","url":"https:\/\/salinasdefuencaliente.es\/","name":"Salinas Marinas de Fuencaliente S.L.","description":"Un lugar donde el blanco y el negro se funde para dar vida. Salinas artesanales, en la Isla de La Palma, Canarias","potentialAction":[{"@type":"SearchAction","target":{"@type":"EntryPoint","urlTemplate":"https:\/\/salinasdefuencaliente.es\/?s={search_term_string}"},"query-input":"required name=search_term_string"}],"inLanguage":"de"}]}},"_links":{"self":[{"href":"https:\/\/salinasdefuencaliente.es\/de\/wp-json\/wp\/v2\/pages\/589"}],"collection":[{"href":"https:\/\/salinasdefuencaliente.es\/de\/wp-json\/wp\/v2\/pages"}],"about":[{"href":"https:\/\/salinasdefuencaliente.es\/de\/wp-json\/wp\/v2\/types\/page"}],"author":[{"embeddable":true,"href":"https:\/\/salinasdefuencaliente.es\/de\/wp-json\/wp\/v2\/users\/1"}],"replies":[{"embeddable":true,"href":"https:\/\/salinasdefuencaliente.es\/de\/wp-json\/wp\/v2\/comments?post=589"}],"version-history":[{"count":0,"href":"https:\/\/salinasdefuencaliente.es\/de\/wp-json\/wp\/v2\/pages\/589\/revisions"}],"wp:attachment":[{"href":"https:\/\/salinasdefuencaliente.es\/de\/wp-json\/wp\/v2\/media?parent=589"}],"curies":[{"name":"wp","href":"https:\/\/api.w.org\/{rel}","templated":true}]}}