{"id":488,"date":"2012-10-14T17:22:14","date_gmt":"2012-10-14T17:22:14","guid":{"rendered":"http:\/\/salinasdefuencaliente.es\/?page_id=488"},"modified":"2020-07-01T10:20:49","modified_gmt":"2020-07-01T10:20:49","slug":"la","status":"publish","type":"page","link":"https:\/\/salinasdefuencaliente.es\/de\/la\/","title":{"rendered":"Las Salinas alem\u00e1n pdte"},"content":{"rendered":"<section class=\"wpb-content-wrapper\"><p>[vc_row][vc_column][vc_single_image image=&#8220;2030&#8243; img_size=&#8220;full&#8220;][vc_empty_space][\/vc_column][\/vc_row][vc_row type=&#8220;grid&#8220;][vc_column][vc_empty_space][vc_separator type=&#8220;transparent&#8220; up=&#8220;30&#8243;][vc_column_text]<\/p>\n<h2 style=\"text-align: center;\">LAS SALINAS<\/h2>\n<p style=\"text-align: justify;\">[\/vc_column_text][vc_separator type=&#8220;small&#8220; up=&#8220;10&#8243; down=&#8220;15&#8243;][vc_column_text]<\/p>\n<p style=\"text-align: justify;\">Estas Salinas de Fuencaliente se asientan sobre uno de los parajes m\u00e1s bellos de nuestra Isla. Un manto de piroclastos y el discurrir de las coladas nos recuerdan las recientes erupciones. Sobre estos terrenos se construye el \u00faltimo complejo salinero de Canarias. Si la distorsi\u00f3n de la f\u00e1brica es m\u00ednima, el contraste es extremo, el cegador blancor de la sal dispuesta en los balaches, las ros\u00e1ceas charcas y tajos, la gama de verdes a modo de peque\u00f1as pinceladas, todo ello se plasma a modo de un gran lienzo de fondo negro, fruto de la caprichosa naturaleza. El cantil costero nos marca el l\u00edmite y conjunci\u00f3n de los diferentes elementos naturales para que obre la transformaci\u00f3n.<\/p>\n<p style=\"text-align: justify;\">[vc_separator type=&#8217;transparent&#8216; position=&#8217;center&#8216; color=&#8220; thickness=&#8220; up=&#8217;10&#8216; down=&#8220;]<\/p>\n<p style=\"text-align: justify;\">Las salinas fuencalenteras suponen el <strong>esfuerzo para la pervivencia y la constancia de mantener un legado<\/strong>. Esta labor, la de producir sal de forma tradicional, no exento de cierto romanticismo, se da en la familia Hern\u00e1ndez Villalba. Una empresa que se inicia all\u00e1 en la d\u00e9cada de los sesenta por parte del padre del actual propietario.<\/p>\n<p style=\"text-align: justify;\">[vc_separator type=&#8217;transparent&#8216; position=&#8217;center&#8216; color=&#8220; thickness=&#8220; up=&#8217;10&#8216; down=&#8220;]<\/p>\n<p style=\"text-align: justify;\">Despu\u00e9s de sopesar diferentes emplazamientos m\u00e1s id\u00f3neos para la producci\u00f3n salinera, se decide su construcci\u00f3n en el paraje conocido como Punta de Fuencaliente, cercano al faro, en dicho lugar confluyen todos y cada uno de los elementos necesarios en la producci\u00f3n salinera, un r\u00e9gimen de vientos moderados, una pluviometr\u00eda escasa, un n\u00famero de horas de insolaci\u00f3n suficiente.<\/p>\n<p style=\"text-align: justify;\">[vc_separator type=&#8217;transparent&#8216; position=&#8217;center&#8216; color=&#8220; thickness=&#8220; up=&#8217;10&#8216; down=&#8220;]<\/p>\n<p style=\"text-align: justify;\">Texto: <strong><em>Pedro Merino Mart\u00edn.<\/em><\/strong><\/p>\n<p style=\"text-align: justify;\"><span style=\"line-height: 1.5;\">[\/vc_column_text][vc_separator type=&#8220;transparent&#8220; up=&#8220;40&#8243;][\/vc_column][\/vc_row][vc_row][vc_column][vc_column_text]<\/span><\/p>\n<p>[\/vc_column_text][\/vc_column][\/vc_row]<\/p>\n<\/section>","protected":false},"excerpt":{"rendered":"<p>[vc_row][vc_column][vc_single_image image=&#8220;2030&#8243; img_size=&#8220;full&#8220;][vc_empty_space][\/vc_column][\/vc_row][vc_row type=&#8220;grid&#8220;][vc_column][vc_empty_space][vc_separator type=&#8220;transparent&#8220; up=&#8220;30&#8243;][vc_column_text] LAS SALINAS [\/vc_column_text][vc_separator type=&#8220;small&#8220; up=&#8220;10&#8243; down=&#8220;15&#8243;][vc_column_text] Estas Salinas de Fuencaliente se asientan sobre uno de los parajes m\u00e1s bellos de nuestra Isla. Un manto de piroclastos y el discurrir de las coladas nos recuerdan las recientes erupciones. Sobre estos&#8230;<\/p>\n","protected":false},"author":1,"featured_media":0,"parent":0,"menu_order":0,"comment_status":"open","ping_status":"open","template":"","meta":[],"yoast_head":"<!-- This site is optimized with the Yoast SEO plugin v21.6 - https:\/\/yoast.com\/wordpress\/plugins\/seo\/ -->\n<title>Las Salinas alem\u00e1n pdte - Salinas Marinas de Fuencaliente S.L.<\/title>\n<meta name=\"robots\" content=\"index, follow, max-snippet:-1, max-image-preview:large, max-video-preview:-1\" \/>\n<link rel=\"canonical\" href=\"https:\/\/salinasdefuencaliente.es\/de\/la\/\" \/>\n<meta property=\"og:locale\" content=\"de_DE\" \/>\n<meta property=\"og:type\" content=\"article\" \/>\n<meta property=\"og:title\" content=\"Las Salinas alem\u00e1n pdte - Salinas Marinas de Fuencaliente S.L.\" \/>\n<meta property=\"og:description\" content=\"[vc_row][vc_column][vc_single_image image=&#8220;2030&#8243; img_size=&#8220;full&#8220;][vc_empty_space][\/vc_column][\/vc_row][vc_row type=&#8220;grid&#8220;][vc_column][vc_empty_space][vc_separator type=&#8220;transparent&#8220; up=&#8220;30&#8243;][vc_column_text] LAS SALINAS [\/vc_column_text][vc_separator type=&#8220;small&#8220; up=&#8220;10&#8243; down=&#8220;15&#8243;][vc_column_text] Estas Salinas de Fuencaliente se asientan sobre uno de los parajes m\u00e1s bellos de nuestra Isla. Un manto de piroclastos y el discurrir de las coladas nos recuerdan las recientes erupciones. Sobre estos...\" \/>\n<meta property=\"og:url\" content=\"https:\/\/salinasdefuencaliente.es\/de\/la\/\" \/>\n<meta property=\"og:site_name\" content=\"Salinas Marinas de Fuencaliente S.L.\" \/>\n<meta property=\"article:modified_time\" content=\"2020-07-01T10:20:49+00:00\" \/>\n<meta name=\"twitter:card\" content=\"summary_large_image\" \/>\n<meta name=\"twitter:label1\" content=\"Gesch\u00e4tzte Lesezeit\" \/>\n\t<meta name=\"twitter:data1\" content=\"2\u00a0Minuten\" \/>\n<script type=\"application\/ld+json\" class=\"yoast-schema-graph\">{\"@context\":\"https:\/\/schema.org\",\"@graph\":[{\"@type\":\"WebPage\",\"@id\":\"https:\/\/salinasdefuencaliente.es\/de\/la\/\",\"url\":\"https:\/\/salinasdefuencaliente.es\/de\/la\/\",\"name\":\"Las Salinas alem\u00e1n pdte - Salinas Marinas de Fuencaliente S.L.\",\"isPartOf\":{\"@id\":\"https:\/\/salinasdefuencaliente.es\/#website\"},\"datePublished\":\"2012-10-14T17:22:14+00:00\",\"dateModified\":\"2020-07-01T10:20:49+00:00\",\"breadcrumb\":{\"@id\":\"https:\/\/salinasdefuencaliente.es\/de\/la\/#breadcrumb\"},\"inLanguage\":\"de\",\"potentialAction\":[{\"@type\":\"ReadAction\",\"target\":[\"https:\/\/salinasdefuencaliente.es\/de\/la\/\"]}]},{\"@type\":\"BreadcrumbList\",\"@id\":\"https:\/\/salinasdefuencaliente.es\/de\/la\/#breadcrumb\",\"itemListElement\":[{\"@type\":\"ListItem\",\"position\":1,\"name\":\"Portada\",\"item\":\"https:\/\/salinasdefuencaliente.es\/de\/\"},{\"@type\":\"ListItem\",\"position\":2,\"name\":\"Las Salinas alem\u00e1n pdte\"}]},{\"@type\":\"WebSite\",\"@id\":\"https:\/\/salinasdefuencaliente.es\/#website\",\"url\":\"https:\/\/salinasdefuencaliente.es\/\",\"name\":\"Salinas Marinas de Fuencaliente S.L.\",\"description\":\"Un lugar donde el blanco y el negro se funde para dar vida. Salinas artesanales, en la Isla de La Palma, Canarias\",\"potentialAction\":[{\"@type\":\"SearchAction\",\"target\":{\"@type\":\"EntryPoint\",\"urlTemplate\":\"https:\/\/salinasdefuencaliente.es\/?s={search_term_string}\"},\"query-input\":\"required name=search_term_string\"}],\"inLanguage\":\"de\"}]}<\/script>\n<!-- \/ Yoast SEO plugin. -->","yoast_head_json":{"title":"Las Salinas alem\u00e1n pdte - Salinas Marinas de Fuencaliente S.L.","robots":{"index":"index","follow":"follow","max-snippet":"max-snippet:-1","max-image-preview":"max-image-preview:large","max-video-preview":"max-video-preview:-1"},"canonical":"https:\/\/salinasdefuencaliente.es\/de\/la\/","og_locale":"de_DE","og_type":"article","og_title":"Las Salinas alem\u00e1n pdte - Salinas Marinas de Fuencaliente S.L.","og_description":"[vc_row][vc_column][vc_single_image image=&#8220;2030&#8243; img_size=&#8220;full&#8220;][vc_empty_space][\/vc_column][\/vc_row][vc_row type=&#8220;grid&#8220;][vc_column][vc_empty_space][vc_separator type=&#8220;transparent&#8220; up=&#8220;30&#8243;][vc_column_text] LAS SALINAS [\/vc_column_text][vc_separator type=&#8220;small&#8220; up=&#8220;10&#8243; down=&#8220;15&#8243;][vc_column_text] Estas Salinas de Fuencaliente se asientan sobre uno de los parajes m\u00e1s bellos de nuestra Isla. Un manto de piroclastos y el discurrir de las coladas nos recuerdan las recientes erupciones. Sobre estos...","og_url":"https:\/\/salinasdefuencaliente.es\/de\/la\/","og_site_name":"Salinas Marinas de Fuencaliente S.L.","article_modified_time":"2020-07-01T10:20:49+00:00","twitter_card":"summary_large_image","twitter_misc":{"Gesch\u00e4tzte Lesezeit":"2\u00a0Minuten"},"schema":{"@context":"https:\/\/schema.org","@graph":[{"@type":"WebPage","@id":"https:\/\/salinasdefuencaliente.es\/de\/la\/","url":"https:\/\/salinasdefuencaliente.es\/de\/la\/","name":"Las Salinas alem\u00e1n pdte - Salinas Marinas de Fuencaliente S.L.","isPartOf":{"@id":"https:\/\/salinasdefuencaliente.es\/#website"},"datePublished":"2012-10-14T17:22:14+00:00","dateModified":"2020-07-01T10:20:49+00:00","breadcrumb":{"@id":"https:\/\/salinasdefuencaliente.es\/de\/la\/#breadcrumb"},"inLanguage":"de","potentialAction":[{"@type":"ReadAction","target":["https:\/\/salinasdefuencaliente.es\/de\/la\/"]}]},{"@type":"BreadcrumbList","@id":"https:\/\/salinasdefuencaliente.es\/de\/la\/#breadcrumb","itemListElement":[{"@type":"ListItem","position":1,"name":"Portada","item":"https:\/\/salinasdefuencaliente.es\/de\/"},{"@type":"ListItem","position":2,"name":"Las Salinas alem\u00e1n pdte"}]},{"@type":"WebSite","@id":"https:\/\/salinasdefuencaliente.es\/#website","url":"https:\/\/salinasdefuencaliente.es\/","name":"Salinas Marinas de Fuencaliente S.L.","description":"Un lugar donde el blanco y el negro se funde para dar vida. Salinas artesanales, en la Isla de La Palma, Canarias","potentialAction":[{"@type":"SearchAction","target":{"@type":"EntryPoint","urlTemplate":"https:\/\/salinasdefuencaliente.es\/?s={search_term_string}"},"query-input":"required name=search_term_string"}],"inLanguage":"de"}]}},"_links":{"self":[{"href":"https:\/\/salinasdefuencaliente.es\/de\/wp-json\/wp\/v2\/pages\/488"}],"collection":[{"href":"https:\/\/salinasdefuencaliente.es\/de\/wp-json\/wp\/v2\/pages"}],"about":[{"href":"https:\/\/salinasdefuencaliente.es\/de\/wp-json\/wp\/v2\/types\/page"}],"author":[{"embeddable":true,"href":"https:\/\/salinasdefuencaliente.es\/de\/wp-json\/wp\/v2\/users\/1"}],"replies":[{"embeddable":true,"href":"https:\/\/salinasdefuencaliente.es\/de\/wp-json\/wp\/v2\/comments?post=488"}],"version-history":[{"count":1,"href":"https:\/\/salinasdefuencaliente.es\/de\/wp-json\/wp\/v2\/pages\/488\/revisions"}],"predecessor-version":[{"id":2075,"href":"https:\/\/salinasdefuencaliente.es\/de\/wp-json\/wp\/v2\/pages\/488\/revisions\/2075"}],"wp:attachment":[{"href":"https:\/\/salinasdefuencaliente.es\/de\/wp-json\/wp\/v2\/media?parent=488"}],"curies":[{"name":"wp","href":"https:\/\/api.w.org\/{rel}","templated":true}]}}