{"id":476,"date":"2012-10-14T17:12:04","date_gmt":"2012-10-14T17:12:04","guid":{"rendered":"http:\/\/salinasdefuencaliente.es\/?page_id=476"},"modified":"2016-10-05T11:03:46","modified_gmt":"2016-10-05T11:03:46","slug":"grobkorniges-meersalz","status":"publish","type":"page","link":"https:\/\/salinasdefuencaliente.es\/de\/grobkorniges-meersalz\/","title":{"rendered":"Grobk\u00f6rniges Meersalz TENEGUIA"},"content":{"rendered":"<p style=\"text-align: justify;\">Das grobk\u00f6rnige Meersalz findet sowie in den Gerichten der typischen palmerischen K\u00fcche Anwendung, als auch in der Herstellung inseltypischer Produkte (wie beispielsweise Backwaren, Fleischgerichte, Fisch, Mojo-Saucen, K\u00e4se usw.).<\/p>\n<p style=\"text-align: justify;\">Neben der Verwendung in der K\u00fcche La Palmas findet das grobk\u00f6rnige Meersalz ausserdem auch breite Verwendung in Schwimmbecken als Chlorersatz; ein Faktor, der zum Einen die Gesundheit schont und dar\u00fcber hinaus kosteng\u00fcnstiger ist.<\/p>\n<p><img decoding=\"async\" loading=\"lazy\" class=\"aligncenter size-full wp-image-1027\" src=\"http:\/\/salinasdefuencaliente.es\/wp-content\/uploads\/2012\/09\/salgruesa_salmarinateneguia.jpg\" alt=\"salgruesa_salmarinateneguia\" width=\"385\" height=\"287\" srcset=\"https:\/\/salinasdefuencaliente.es\/wp-content\/uploads\/2012\/09\/salgruesa_salmarinateneguia.jpg 385w, https:\/\/salinasdefuencaliente.es\/wp-content\/uploads\/2012\/09\/salgruesa_salmarinateneguia-300x224.jpg 300w\" sizes=\"(max-width: 385px) 100vw, 385px\" \/><\/p>\n<p>&nbsp;<\/p>\n<table border=\"0\" width=\"700\">\n<tbody>\n<tr>\n<th scope=\"row\">\n<h4>Physikalisch-Chemische Analyse<\/h4>\n<\/th>\n<td><\/td>\n<\/tr>\n<tr>\n<th scope=\"row\">Kaliumchlorat (KCI)<\/th>\n<td>\n<div align=\"center\">0,99 %<\/div>\n<\/td>\n<\/tr>\n<tr>\n<th scope=\"row\">Kalziumsulfat (CaSO4)<\/th>\n<td>0,72 %<\/td>\n<\/tr>\n<tr>\n<th scope=\"row\">Magnesium (MgO)<\/th>\n<td>\n<div align=\"center\">1,02 %<\/div>\n<\/td>\n<\/tr>\n<tr>\n<th scope=\"row\">Magnesiumchlorid<\/th>\n<td>\n<div align=\"center\">0,21 %<\/div>\n<\/td>\n<\/tr>\n<tr>\n<th scope=\"row\">Natriumchlorid<\/th>\n<td>\n<div align=\"center\">97,20 %<\/div>\n<\/td>\n<\/tr>\n<tr>\n<th scope=\"row\">Arsen<\/th>\n<td>\n<div align=\"center\">&lt; 0,5 mg\/kg<\/div>\n<\/td>\n<\/tr>\n<tr>\n<th scope=\"row\">Kupfer<\/th>\n<td>\n<div align=\"center\">&lt; 0,5 mg\/kg<\/div>\n<\/td>\n<\/tr>\n<tr>\n<th scope=\"row\">Blei<\/th>\n<td>\n<div align=\"center\">&lt; 0,3 mg\/kg<\/div>\n<\/td>\n<\/tr>\n<tr>\n<th scope=\"row\">Kadmium<\/th>\n<td>\n<div align=\"center\">&lt; 0,2 mg\/kg<\/div>\n<\/td>\n<\/tr>\n<tr>\n<th scope=\"row\">Quecksilber<\/th>\n<td>\n<div align=\"center\">&lt; 0,1 mg\/kg<\/div>\n<\/td>\n<\/tr>\n<tr>\n<th scope=\"row\">Wasserunl\u00f6sliche R\u00fcckst\u00e4nde<\/th>\n<td>\n<div align=\"center\">&lt; 0,1 %<\/div>\n<\/td>\n<\/tr>\n<tr>\n<th scope=\"row\">Feuchtigkeit<\/th>\n<td>\n<div align=\"center\">6,15 %<\/div>\n<\/td>\n<\/tr>\n<tr>\n<th scope=\"row\">Nitrite<\/th>\n<td>\n<div align=\"center\">&lt; 10 ppm<\/div>\n<\/td>\n<\/tr>\n<tr>\n<th scope=\"row\">Nitrate<\/th>\n<td>\n<div align=\"center\">&lt; 10 ppm<\/div>\n<\/td>\n<\/tr>\n<\/tbody>\n<\/table>\n<p>&nbsp;<\/p>\n<p style=\"text-align: center;\"><strong>Aufmachung: <\/strong><\/p>\n<p style=\"text-align: center;\">\u2022\u00a0 Packet Meersalz grob 1 Kg.<\/p>\n<p style=\"text-align: center;\">\u2022\u00a0 Sack Meersalz grob Granel 25 Kg.<\/p>\n<p>&nbsp;<\/p>\n","protected":false},"excerpt":{"rendered":"<p>Das grobk\u00f6rnige Meersalz findet sowie in den Gerichten der typischen palmerischen K\u00fcche Anwendung, als auch in der Herstellung inseltypischer Produkte (wie beispielsweise Backwaren, Fleischgerichte, Fisch, Mojo-Saucen, K\u00e4se usw.). Neben der Verwendung in der K\u00fcche La Palmas findet das grobk\u00f6rnige Meersalz ausserdem auch breite Verwendung in&#8230;<\/p>\n","protected":false},"author":1,"featured_media":0,"parent":0,"menu_order":0,"comment_status":"open","ping_status":"open","template":"","meta":[],"yoast_head":"<!-- This site is optimized with the Yoast SEO plugin v21.6 - https:\/\/yoast.com\/wordpress\/plugins\/seo\/ -->\n<title>Grobk\u00f6rniges Meersalz TENEGUIA - Salinas Marinas de Fuencaliente S.L.<\/title>\n<meta name=\"robots\" content=\"index, follow, max-snippet:-1, max-image-preview:large, max-video-preview:-1\" \/>\n<link rel=\"canonical\" href=\"https:\/\/salinasdefuencaliente.es\/de\/grobkorniges-meersalz\/\" \/>\n<meta property=\"og:locale\" content=\"de_DE\" \/>\n<meta property=\"og:type\" content=\"article\" \/>\n<meta property=\"og:title\" content=\"Grobk\u00f6rniges Meersalz TENEGUIA - Salinas Marinas de Fuencaliente S.L.\" \/>\n<meta property=\"og:description\" content=\"Das grobk\u00f6rnige Meersalz findet sowie in den Gerichten der typischen palmerischen K\u00fcche Anwendung, als auch in der Herstellung inseltypischer Produkte (wie beispielsweise Backwaren, Fleischgerichte, Fisch, Mojo-Saucen, K\u00e4se usw.). Neben der Verwendung in der K\u00fcche La Palmas findet das grobk\u00f6rnige Meersalz ausserdem auch breite Verwendung in...\" \/>\n<meta property=\"og:url\" content=\"https:\/\/salinasdefuencaliente.es\/de\/grobkorniges-meersalz\/\" \/>\n<meta property=\"og:site_name\" content=\"Salinas Marinas de Fuencaliente S.L.\" \/>\n<meta property=\"article:modified_time\" content=\"2016-10-05T11:03:46+00:00\" \/>\n<meta property=\"og:image\" content=\"http:\/\/salinasdefuencaliente.es\/wp-content\/uploads\/2012\/09\/salgruesa_salmarinateneguia.jpg\" \/>\n<meta name=\"twitter:card\" content=\"summary_large_image\" \/>\n<meta name=\"twitter:label1\" content=\"Gesch\u00e4tzte Lesezeit\" \/>\n\t<meta name=\"twitter:data1\" content=\"1\u00a0Minute\" \/>\n<script type=\"application\/ld+json\" class=\"yoast-schema-graph\">{\"@context\":\"https:\/\/schema.org\",\"@graph\":[{\"@type\":\"WebPage\",\"@id\":\"https:\/\/salinasdefuencaliente.es\/de\/grobkorniges-meersalz\/\",\"url\":\"https:\/\/salinasdefuencaliente.es\/de\/grobkorniges-meersalz\/\",\"name\":\"Grobk\u00f6rniges Meersalz TENEGUIA - Salinas Marinas de Fuencaliente S.L.\",\"isPartOf\":{\"@id\":\"https:\/\/salinasdefuencaliente.es\/#website\"},\"datePublished\":\"2012-10-14T17:12:04+00:00\",\"dateModified\":\"2016-10-05T11:03:46+00:00\",\"breadcrumb\":{\"@id\":\"https:\/\/salinasdefuencaliente.es\/de\/grobkorniges-meersalz\/#breadcrumb\"},\"inLanguage\":\"de\",\"potentialAction\":[{\"@type\":\"ReadAction\",\"target\":[\"https:\/\/salinasdefuencaliente.es\/de\/grobkorniges-meersalz\/\"]}]},{\"@type\":\"BreadcrumbList\",\"@id\":\"https:\/\/salinasdefuencaliente.es\/de\/grobkorniges-meersalz\/#breadcrumb\",\"itemListElement\":[{\"@type\":\"ListItem\",\"position\":1,\"name\":\"Portada\",\"item\":\"https:\/\/salinasdefuencaliente.es\/de\/\"},{\"@type\":\"ListItem\",\"position\":2,\"name\":\"Grobk\u00f6rniges Meersalz TENEGUIA\"}]},{\"@type\":\"WebSite\",\"@id\":\"https:\/\/salinasdefuencaliente.es\/#website\",\"url\":\"https:\/\/salinasdefuencaliente.es\/\",\"name\":\"Salinas Marinas de Fuencaliente S.L.\",\"description\":\"Un lugar donde el blanco y el negro se funde para dar vida. Salinas artesanales, en la Isla de La Palma, Canarias\",\"potentialAction\":[{\"@type\":\"SearchAction\",\"target\":{\"@type\":\"EntryPoint\",\"urlTemplate\":\"https:\/\/salinasdefuencaliente.es\/?s={search_term_string}\"},\"query-input\":\"required name=search_term_string\"}],\"inLanguage\":\"de\"}]}<\/script>\n<!-- \/ Yoast SEO plugin. -->","yoast_head_json":{"title":"Grobk\u00f6rniges Meersalz TENEGUIA - Salinas Marinas de Fuencaliente S.L.","robots":{"index":"index","follow":"follow","max-snippet":"max-snippet:-1","max-image-preview":"max-image-preview:large","max-video-preview":"max-video-preview:-1"},"canonical":"https:\/\/salinasdefuencaliente.es\/de\/grobkorniges-meersalz\/","og_locale":"de_DE","og_type":"article","og_title":"Grobk\u00f6rniges Meersalz TENEGUIA - Salinas Marinas de Fuencaliente S.L.","og_description":"Das grobk\u00f6rnige Meersalz findet sowie in den Gerichten der typischen palmerischen K\u00fcche Anwendung, als auch in der Herstellung inseltypischer Produkte (wie beispielsweise Backwaren, Fleischgerichte, Fisch, Mojo-Saucen, K\u00e4se usw.). Neben der Verwendung in der K\u00fcche La Palmas findet das grobk\u00f6rnige Meersalz ausserdem auch breite Verwendung in...","og_url":"https:\/\/salinasdefuencaliente.es\/de\/grobkorniges-meersalz\/","og_site_name":"Salinas Marinas de Fuencaliente S.L.","article_modified_time":"2016-10-05T11:03:46+00:00","og_image":[{"url":"http:\/\/salinasdefuencaliente.es\/wp-content\/uploads\/2012\/09\/salgruesa_salmarinateneguia.jpg"}],"twitter_card":"summary_large_image","twitter_misc":{"Gesch\u00e4tzte Lesezeit":"1\u00a0Minute"},"schema":{"@context":"https:\/\/schema.org","@graph":[{"@type":"WebPage","@id":"https:\/\/salinasdefuencaliente.es\/de\/grobkorniges-meersalz\/","url":"https:\/\/salinasdefuencaliente.es\/de\/grobkorniges-meersalz\/","name":"Grobk\u00f6rniges Meersalz TENEGUIA - Salinas Marinas de Fuencaliente S.L.","isPartOf":{"@id":"https:\/\/salinasdefuencaliente.es\/#website"},"datePublished":"2012-10-14T17:12:04+00:00","dateModified":"2016-10-05T11:03:46+00:00","breadcrumb":{"@id":"https:\/\/salinasdefuencaliente.es\/de\/grobkorniges-meersalz\/#breadcrumb"},"inLanguage":"de","potentialAction":[{"@type":"ReadAction","target":["https:\/\/salinasdefuencaliente.es\/de\/grobkorniges-meersalz\/"]}]},{"@type":"BreadcrumbList","@id":"https:\/\/salinasdefuencaliente.es\/de\/grobkorniges-meersalz\/#breadcrumb","itemListElement":[{"@type":"ListItem","position":1,"name":"Portada","item":"https:\/\/salinasdefuencaliente.es\/de\/"},{"@type":"ListItem","position":2,"name":"Grobk\u00f6rniges Meersalz TENEGUIA"}]},{"@type":"WebSite","@id":"https:\/\/salinasdefuencaliente.es\/#website","url":"https:\/\/salinasdefuencaliente.es\/","name":"Salinas Marinas de Fuencaliente S.L.","description":"Un lugar donde el blanco y el negro se funde para dar vida. Salinas artesanales, en la Isla de La Palma, Canarias","potentialAction":[{"@type":"SearchAction","target":{"@type":"EntryPoint","urlTemplate":"https:\/\/salinasdefuencaliente.es\/?s={search_term_string}"},"query-input":"required name=search_term_string"}],"inLanguage":"de"}]}},"_links":{"self":[{"href":"https:\/\/salinasdefuencaliente.es\/de\/wp-json\/wp\/v2\/pages\/476"}],"collection":[{"href":"https:\/\/salinasdefuencaliente.es\/de\/wp-json\/wp\/v2\/pages"}],"about":[{"href":"https:\/\/salinasdefuencaliente.es\/de\/wp-json\/wp\/v2\/types\/page"}],"author":[{"embeddable":true,"href":"https:\/\/salinasdefuencaliente.es\/de\/wp-json\/wp\/v2\/users\/1"}],"replies":[{"embeddable":true,"href":"https:\/\/salinasdefuencaliente.es\/de\/wp-json\/wp\/v2\/comments?post=476"}],"version-history":[{"count":0,"href":"https:\/\/salinasdefuencaliente.es\/de\/wp-json\/wp\/v2\/pages\/476\/revisions"}],"wp:attachment":[{"href":"https:\/\/salinasdefuencaliente.es\/de\/wp-json\/wp\/v2\/media?parent=476"}],"curies":[{"name":"wp","href":"https:\/\/api.w.org\/{rel}","templated":true}]}}