{"id":435,"date":"2012-10-14T12:09:13","date_gmt":"2012-10-14T12:09:13","guid":{"rendered":"http:\/\/salinasdefuencaliente.es\/?page_id=435"},"modified":"2022-11-29T10:21:20","modified_gmt":"2022-11-29T10:21:20","slug":"ort-wissenschaftlichen-interesses","status":"publish","type":"page","link":"https:\/\/salinasdefuencaliente.es\/de\/ort-wissenschaftlichen-interesses\/","title":{"rendered":"Ort wissenschaftlichen Interesses"},"content":{"rendered":"<section class=\"wpb-content-wrapper\"><p>[vc_row][vc_column][vc_single_image image=&#8220;2046&#8243; img_size=&#8220;full&#8220;][vc_empty_space][\/vc_column][\/vc_row][vc_row type=&#8220;grid&#8220;][vc_column][vc_empty_space][vc_column_text]<\/p>\n<h2 style=\"text-align: center;\">Ort wissenschaftlichen Interesses<\/h2>\n<p>[\/vc_column_text][vc_empty_space][vc_column_text]<\/p>\n<p style=\"text-align: justify;\">Schon wegen ihrer reichhaltigen Flora und Fauna w\u00e4ren die Salinen von Fuencaliente ein Ort von breitgef\u00e4chertem \u00f6kologischen Interesse aber es gibt noch einen Grund, der diesem Ort einen unsch\u00e4tzbaren Wert gibt: Die Vielfalt der Zugv\u00f6gel, die hier Station machen, um auszuruhen und Essen zu fassen und sogar ihre Brut hier austragen.<\/p>\n<p style=\"text-align: justify;\">Als die Kanarische Regierung 1994 die Salinen von Fuencaliente zu einem Ort wissenschaftlichen Interesses erkl\u00e4rte, begr\u00fcndete sie ihre Entscheidung nicht zuletzt damit, dass die Salinen eines der wenigen kanarischen Feuchtgebiete sind, die eine geradezu magnetische Anziehungskraft auf die Zugv\u00f6gel aus\u00fcben.<\/p>\n<h3 style=\"text-align: justify; margin-top: 40px;\"><strong>Erholungsort und Ern\u00e4hrung der Vogelwelt<\/strong><\/h3>\n<p style=\"text-align: justify;\">Von Herbst bis Fr\u00fchling, wenn viele Vogelarten aus Europa kommend ihren j\u00e4hrlichen Weg nach Afrika folgen, bieten unsere Inseln einen willkommenen Rastplatz. Einige von ihnen \u00fcberwintern sogar auf dem Archipel und kehren anschliessend zu ihrem Ausgangspunkt zur\u00fcck.<\/p>\n<p style=\"text-align: justify;\">In unseren K\u00fcstengebieten und vor allem auf dem Gebiet der Salinen, kommen j\u00e4hrlich zwischen 30 und 50 Vogelarten an, die sich vorwiegend von den Mikroorganismen ern\u00e4hren, die in unseren Salinen leben.<\/p>\n<p style=\"text-align: justify;\">Auf diese Weise sind die Salinen im Herbst eines jeden Jahres der Treffpunkt von Regenpfeiffern, S\u00e4belschn\u00e4blern, Stelzenl\u00e4ufern, Steinw\u00e4lzern, Bachstelzen und sogar Flamingos und Brandenten.<\/p>\n<h3 style=\"text-align: justify; margin-top: 40px;\"><strong>Das aussergew\u00f6hnliche \u00f6kologische Gleichgewicht der Verdampfungsbecken<\/strong><\/h3>\n<p style=\"text-align: justify;\">Der Salzgehalt in den Verdampfungsbecken ist etwas h\u00f6her als im Meerwasser und ist damit die Basis f\u00fcr Lebensgemeinschaften der pflanzlichen und tierischen Artenvielfalt, die, angepasst an den Lebensraum einer Saline, ganz besondere \u00d6kosysteme mit ausschliesslich in Salinen vorkommende Organismen bilden.<\/p>\n<p>[\/vc_column_text][vc_empty_space][\/vc_column][\/vc_row][vc_row type=&#8220;grid&#8220; css=&#8220;.vc_custom_1669717066305{margin-top: 40px !important;margin-bottom: 70px !important;}&#8220;][vc_column width=&#8220;1\/2&#8243;][vc_single_image image=&#8220;261&#8243; alignment=&#8220;center&#8220; style=&#8220;vc_box_circle&#8220;][vc_empty_space][vc_column_text]<strong>Ruppia maritima<\/strong><\/p>\n<p style=\"text-align: justify;\">Unter ihnen befinden sich Pflanzenarten, die in salzigen K\u00fcstengebieten wachsen und beinahe auf den Inseln ausgestorben sind, wie beispielsweise die Meeres-Salde (Ruppia maritima). Sie geh\u00f6rt zu dem Programm der sch\u00fctzenswerten Pflanzenarten (Verordnung zum Schutze der wildwachsenden Gef\u00e4sspflanzen der autonomen kanarischen Region vom 20. Februar 1991). In unseren Salinen heimisch geworden, kann man diese seltene Pflanzenart noch beobachten.<\/p>\n<p>[\/vc_column_text][vc_empty_space][\/vc_column][vc_column width=&#8220;1\/2&#8243;][vc_single_image image=&#8220;262&#8243; alignment=&#8220;center&#8220; style=&#8220;vc_box_circle&#8220;][vc_empty_space][vc_column_text]<\/p>\n<p style=\"text-align: justify;\"><strong>Artemia salina<\/strong><\/p>\n<p style=\"text-align: justify;\">Der Salinenkrebs (Artemia salina) ist ein weiterer aussergew\u00f6nlicher Bewohner unserer Salinen. Er ist ein kleines Krustentier, dessen Eier aufgrund des Verdampfungsprozesses der Salinen auf nat\u00fcrliche Weise getrocknet werden. In diesem Zustand k\u00f6nnen sie in trockener, sauerstofffreier Umgebung mehrere Jahre \u00fcberdauern. Als Transportmittel dienen ihnen die Zugv\u00f6gel, deren Nahrungsbestandteil sie sind, und auf deren F\u00fcssen sie kleben. Einmal angekommen in einem ihren Bed\u00fcrfnissen entsprechenden Lebensraum, erwachen diese Kleinstlebewesen zu neuem Leben.<\/p>\n<p style=\"text-align: justify;\">Zusammen mit den R\u00e4dertierchen (Rotifera) bilden sie derzeitig die Basis der Fischzucht, da sie ein unverzichtbarer N\u00e4hrstoff f\u00fcr die Fischbrut ist.<\/p>\n<p>[\/vc_column_text][vc_empty_space][\/vc_column][\/vc_row]<\/p>\n<\/section>","protected":false},"excerpt":{"rendered":"<p>[vc_row][vc_column][vc_single_image image=&#8220;2046&#8243; img_size=&#8220;full&#8220;][vc_empty_space][\/vc_column][\/vc_row][vc_row type=&#8220;grid&#8220;][vc_column][vc_empty_space][vc_column_text] Ort wissenschaftlichen Interesses [\/vc_column_text][vc_empty_space][vc_column_text] Schon wegen ihrer reichhaltigen Flora und Fauna w\u00e4ren die Salinen von Fuencaliente ein Ort von breitgef\u00e4chertem \u00f6kologischen Interesse aber es gibt noch einen Grund, der diesem Ort einen unsch\u00e4tzbaren Wert gibt: Die Vielfalt der Zugv\u00f6gel, die hier&#8230;<\/p>\n","protected":false},"author":1,"featured_media":0,"parent":0,"menu_order":0,"comment_status":"open","ping_status":"open","template":"","meta":[],"yoast_head":"<!-- This site is optimized with the Yoast SEO plugin v21.6 - https:\/\/yoast.com\/wordpress\/plugins\/seo\/ -->\n<title>Ort wissenschaftlichen Interesses - Salinas Marinas de Fuencaliente S.L.<\/title>\n<meta name=\"robots\" content=\"index, follow, max-snippet:-1, max-image-preview:large, max-video-preview:-1\" \/>\n<link rel=\"canonical\" href=\"https:\/\/salinasdefuencaliente.es\/de\/ort-wissenschaftlichen-interesses\/\" \/>\n<meta property=\"og:locale\" content=\"de_DE\" \/>\n<meta property=\"og:type\" content=\"article\" \/>\n<meta property=\"og:title\" content=\"Ort wissenschaftlichen Interesses - Salinas Marinas de Fuencaliente S.L.\" \/>\n<meta property=\"og:description\" content=\"[vc_row][vc_column][vc_single_image image=&#8220;2046&#8243; img_size=&#8220;full&#8220;][vc_empty_space][\/vc_column][\/vc_row][vc_row type=&#8220;grid&#8220;][vc_column][vc_empty_space][vc_column_text] Ort wissenschaftlichen Interesses [\/vc_column_text][vc_empty_space][vc_column_text] Schon wegen ihrer reichhaltigen Flora und Fauna w\u00e4ren die Salinen von Fuencaliente ein Ort von breitgef\u00e4chertem \u00f6kologischen Interesse aber es gibt noch einen Grund, der diesem Ort einen unsch\u00e4tzbaren Wert gibt: Die Vielfalt der Zugv\u00f6gel, die hier...\" \/>\n<meta property=\"og:url\" content=\"https:\/\/salinasdefuencaliente.es\/de\/ort-wissenschaftlichen-interesses\/\" \/>\n<meta property=\"og:site_name\" content=\"Salinas Marinas de Fuencaliente S.L.\" \/>\n<meta property=\"article:modified_time\" content=\"2022-11-29T10:21:20+00:00\" \/>\n<meta name=\"twitter:card\" content=\"summary_large_image\" \/>\n<meta name=\"twitter:label1\" content=\"Gesch\u00e4tzte Lesezeit\" \/>\n\t<meta name=\"twitter:data1\" content=\"2\u00a0Minuten\" \/>\n<script type=\"application\/ld+json\" class=\"yoast-schema-graph\">{\"@context\":\"https:\/\/schema.org\",\"@graph\":[{\"@type\":\"WebPage\",\"@id\":\"https:\/\/salinasdefuencaliente.es\/de\/ort-wissenschaftlichen-interesses\/\",\"url\":\"https:\/\/salinasdefuencaliente.es\/de\/ort-wissenschaftlichen-interesses\/\",\"name\":\"Ort wissenschaftlichen Interesses - Salinas Marinas de Fuencaliente S.L.\",\"isPartOf\":{\"@id\":\"https:\/\/salinasdefuencaliente.es\/#website\"},\"datePublished\":\"2012-10-14T12:09:13+00:00\",\"dateModified\":\"2022-11-29T10:21:20+00:00\",\"breadcrumb\":{\"@id\":\"https:\/\/salinasdefuencaliente.es\/de\/ort-wissenschaftlichen-interesses\/#breadcrumb\"},\"inLanguage\":\"de\",\"potentialAction\":[{\"@type\":\"ReadAction\",\"target\":[\"https:\/\/salinasdefuencaliente.es\/de\/ort-wissenschaftlichen-interesses\/\"]}]},{\"@type\":\"BreadcrumbList\",\"@id\":\"https:\/\/salinasdefuencaliente.es\/de\/ort-wissenschaftlichen-interesses\/#breadcrumb\",\"itemListElement\":[{\"@type\":\"ListItem\",\"position\":1,\"name\":\"Portada\",\"item\":\"https:\/\/salinasdefuencaliente.es\/de\/\"},{\"@type\":\"ListItem\",\"position\":2,\"name\":\"Ort wissenschaftlichen Interesses\"}]},{\"@type\":\"WebSite\",\"@id\":\"https:\/\/salinasdefuencaliente.es\/#website\",\"url\":\"https:\/\/salinasdefuencaliente.es\/\",\"name\":\"Salinas Marinas de Fuencaliente S.L.\",\"description\":\"Un lugar donde el blanco y el negro se funde para dar vida. Salinas artesanales, en la Isla de La Palma, Canarias\",\"potentialAction\":[{\"@type\":\"SearchAction\",\"target\":{\"@type\":\"EntryPoint\",\"urlTemplate\":\"https:\/\/salinasdefuencaliente.es\/?s={search_term_string}\"},\"query-input\":\"required name=search_term_string\"}],\"inLanguage\":\"de\"}]}<\/script>\n<!-- \/ Yoast SEO plugin. -->","yoast_head_json":{"title":"Ort wissenschaftlichen Interesses - Salinas Marinas de Fuencaliente S.L.","robots":{"index":"index","follow":"follow","max-snippet":"max-snippet:-1","max-image-preview":"max-image-preview:large","max-video-preview":"max-video-preview:-1"},"canonical":"https:\/\/salinasdefuencaliente.es\/de\/ort-wissenschaftlichen-interesses\/","og_locale":"de_DE","og_type":"article","og_title":"Ort wissenschaftlichen Interesses - Salinas Marinas de Fuencaliente S.L.","og_description":"[vc_row][vc_column][vc_single_image image=&#8220;2046&#8243; img_size=&#8220;full&#8220;][vc_empty_space][\/vc_column][\/vc_row][vc_row type=&#8220;grid&#8220;][vc_column][vc_empty_space][vc_column_text] Ort wissenschaftlichen Interesses [\/vc_column_text][vc_empty_space][vc_column_text] Schon wegen ihrer reichhaltigen Flora und Fauna w\u00e4ren die Salinen von Fuencaliente ein Ort von breitgef\u00e4chertem \u00f6kologischen Interesse aber es gibt noch einen Grund, der diesem Ort einen unsch\u00e4tzbaren Wert gibt: Die Vielfalt der Zugv\u00f6gel, die hier...","og_url":"https:\/\/salinasdefuencaliente.es\/de\/ort-wissenschaftlichen-interesses\/","og_site_name":"Salinas Marinas de Fuencaliente S.L.","article_modified_time":"2022-11-29T10:21:20+00:00","twitter_card":"summary_large_image","twitter_misc":{"Gesch\u00e4tzte Lesezeit":"2\u00a0Minuten"},"schema":{"@context":"https:\/\/schema.org","@graph":[{"@type":"WebPage","@id":"https:\/\/salinasdefuencaliente.es\/de\/ort-wissenschaftlichen-interesses\/","url":"https:\/\/salinasdefuencaliente.es\/de\/ort-wissenschaftlichen-interesses\/","name":"Ort wissenschaftlichen Interesses - Salinas Marinas de Fuencaliente S.L.","isPartOf":{"@id":"https:\/\/salinasdefuencaliente.es\/#website"},"datePublished":"2012-10-14T12:09:13+00:00","dateModified":"2022-11-29T10:21:20+00:00","breadcrumb":{"@id":"https:\/\/salinasdefuencaliente.es\/de\/ort-wissenschaftlichen-interesses\/#breadcrumb"},"inLanguage":"de","potentialAction":[{"@type":"ReadAction","target":["https:\/\/salinasdefuencaliente.es\/de\/ort-wissenschaftlichen-interesses\/"]}]},{"@type":"BreadcrumbList","@id":"https:\/\/salinasdefuencaliente.es\/de\/ort-wissenschaftlichen-interesses\/#breadcrumb","itemListElement":[{"@type":"ListItem","position":1,"name":"Portada","item":"https:\/\/salinasdefuencaliente.es\/de\/"},{"@type":"ListItem","position":2,"name":"Ort wissenschaftlichen Interesses"}]},{"@type":"WebSite","@id":"https:\/\/salinasdefuencaliente.es\/#website","url":"https:\/\/salinasdefuencaliente.es\/","name":"Salinas Marinas de Fuencaliente S.L.","description":"Un lugar donde el blanco y el negro se funde para dar vida. Salinas artesanales, en la Isla de La Palma, Canarias","potentialAction":[{"@type":"SearchAction","target":{"@type":"EntryPoint","urlTemplate":"https:\/\/salinasdefuencaliente.es\/?s={search_term_string}"},"query-input":"required name=search_term_string"}],"inLanguage":"de"}]}},"_links":{"self":[{"href":"https:\/\/salinasdefuencaliente.es\/de\/wp-json\/wp\/v2\/pages\/435"}],"collection":[{"href":"https:\/\/salinasdefuencaliente.es\/de\/wp-json\/wp\/v2\/pages"}],"about":[{"href":"https:\/\/salinasdefuencaliente.es\/de\/wp-json\/wp\/v2\/types\/page"}],"author":[{"embeddable":true,"href":"https:\/\/salinasdefuencaliente.es\/de\/wp-json\/wp\/v2\/users\/1"}],"replies":[{"embeddable":true,"href":"https:\/\/salinasdefuencaliente.es\/de\/wp-json\/wp\/v2\/comments?post=435"}],"version-history":[{"count":4,"href":"https:\/\/salinasdefuencaliente.es\/de\/wp-json\/wp\/v2\/pages\/435\/revisions"}],"predecessor-version":[{"id":2606,"href":"https:\/\/salinasdefuencaliente.es\/de\/wp-json\/wp\/v2\/pages\/435\/revisions\/2606"}],"wp:attachment":[{"href":"https:\/\/salinasdefuencaliente.es\/de\/wp-json\/wp\/v2\/media?parent=435"}],"curies":[{"name":"wp","href":"https:\/\/api.w.org\/{rel}","templated":true}]}}