{"id":431,"date":"2012-10-14T11:59:45","date_gmt":"2012-10-14T11:59:45","guid":{"rendered":"http:\/\/salinasdefuencaliente.es\/?page_id=431"},"modified":"2022-11-29T10:15:17","modified_gmt":"2022-11-29T10:15:17","slug":"gewinnungsprozess","status":"publish","type":"page","link":"https:\/\/salinasdefuencaliente.es\/de\/gewinnungsprozess\/","title":{"rendered":"Gewinnungsprozess"},"content":{"rendered":"<section class=\"wpb-content-wrapper\"><p>[vc_row][vc_column][vc_single_image image=&#8220;2037&#8243; img_size=&#8220;full&#8220;][vc_empty_space][\/vc_column][\/vc_row][vc_row type=&#8220;grid&#8220;][vc_column][vc_empty_space][vc_column_text]<\/p>\n<h2 style=\"text-align: center;\"><em>F\u00fcr Aristoteles war Salz <\/em><\/h2>\n<p>[\/vc_column_text][vc_empty_space][vc_row_inner][vc_column_inner width=&#8220;1\/4&#8243;]<br \/>\n[\/vc_column_inner][vc_column_inner width=&#8220;1\/2&#8243;][vc_column_text]<\/p>\n<h3 class=\"blockquote-text\" style=\"text-align: center;\"><em>F<\/em><em>\u00fcr Aristoteles war Salz die \u201egebrannte Erde\u201c, der Zusammenschluss der vier Elemente: Erde, Wasser, Feuer und Wind.\u00a0<\/em><em>Die vier Elemente lassen das Salz auf nat\u00fcrliche Weise entstehen.<\/em><\/h3>\n<p>[\/vc_column_text][\/vc_column_inner][vc_column_inner width=&#8220;1\/4&#8243;]<br \/>\n[\/vc_column_inner][\/vc_row_inner][vc_empty_space][\/vc_column][\/vc_row][vc_row type=&#8220;grid&#8220; css=&#8220;.vc_custom_1669716728900{margin-top: 30px !important;margin-bottom: 30px !important;}&#8220;][vc_column width=&#8220;1\/3&#8243;][vc_single_image image=&#8220;268&#8243; alignment=&#8220;center&#8220; style=&#8220;vc_box_circle&#8220;][vc_empty_space][vc_column_text]<\/p>\n<p style=\"text-align: justify;\"><strong>Das Meer&#8230;<\/strong>Das Wasser ist dem Ufer des Atlantischen Ozeans entnommen, das die K\u00fcste von Fuencaliente\u00a0 am s\u00fcdlichsten Punkt der Insel umsp\u00fclt.<\/p>\n<p>[\/vc_column_text][vc_empty_space][\/vc_column][vc_column width=&#8220;1\/3&#8243;][vc_single_image image=&#8220;130&#8243; alignment=&#8220;center&#8220; style=&#8220;vc_box_circle&#8220;][vc_empty_space][vc_column_text]<\/p>\n<p style=\"text-align: justify;\"><strong>Die Sonne&#8230;\u00a0<\/strong>Die Erw\u00e4rmung findet in den Becken statt, dort, wo der Salzgehalt entsteht, von 36 gr.\/Liter bis auf etwa 290 gr.\/Liter.<\/p>\n<p>[\/vc_column_text][vc_empty_space][\/vc_column][vc_column width=&#8220;1\/3&#8243;][vc_single_image image=&#8220;277&#8243; alignment=&#8220;center&#8220; style=&#8220;vc_box_circle&#8220;][vc_empty_space][vc_column_text]<\/p>\n<p style=\"text-align: justify;\"><strong>Die Erde&#8230; <\/strong>Das am weitesten kristallisierte Wasser fliesst in die Kristalisatoren oder Salinen, kleine rechteckige Becken aus Lehm und schwarzem Gestein, die die W\u00e4rme halten und in denen die Kristallisierung des Meerwassers bis 360 gr.\/Liter stattfindet.<\/p>\n<p>[\/vc_column_text][vc_empty_space][\/vc_column][\/vc_row][vc_row type=&#8220;grid&#8220; css=&#8220;.vc_custom_1669716752265{margin-top: 30px !important;margin-bottom: 30px !important;}&#8220;][vc_column width=&#8220;1\/3&#8243;][vc_single_image image=&#8220;275&#8243; alignment=&#8220;center&#8220; style=&#8220;vc_box_circle&#8220;][vc_empty_space][vc_column_text]<\/p>\n<p style=\"text-align: justify;\"><strong>Der Wind&#8230;\u00a0<\/strong>Nachdem das Salz an den Rand der Kristalisatoren gesch\u00f6pft wurde, wird es von den best\u00e4ndigen Passatwinden getrocknet, damit die Restfeuchtigkeit austrocknet und das Salz anschliessend gelagert werden kann.<\/p>\n<p>[\/vc_column_text][vc_empty_space][\/vc_column][vc_column width=&#8220;1\/3&#8243;][vc_single_image image=&#8220;119&#8243; alignment=&#8220;center&#8220; style=&#8220;vc_box_circle&#8220;][vc_empty_space][vc_column_text]<\/p>\n<p style=\"text-align: justify;\"><strong>Kunsthandwerk<\/strong>.\u00a0Die kunsthandwerkliche Arbeit in der Saline basiert auf die traditionelle Methode der Salzgewinnung.<\/p>\n<p>[\/vc_column_text][vc_empty_space][\/vc_column][vc_column width=&#8220;1\/3&#8243;][vc_single_image image=&#8220;278&#8243; alignment=&#8220;center&#8220; style=&#8220;vc_box_circle&#8220;][vc_empty_space][vc_column_text]<\/p>\n<p style=\"text-align: justify;\"><strong>Das Absch\u00f6pfen\u2026\u00a0<\/strong>Schon seit den R\u00f6mern sch\u00f6pft man das Salz ab und sch\u00e4tzt es als ein wertvolles Produkt der menschlichen Ern\u00e4hrung. Es wurden bei der Gewinnung verschiedene Werkzeuge und Absch\u00f6pftechniken verwendet, die bis heute bei der Gewinnung von Meersalz unverzichtbar sind. So arbeiten wir heute noch auf traditionelle Art mit der Harke, dem Schaber und dem Sieb, um insbesondere das kostbare <em>Flor de Sal<\/em> zu sch\u00f6pfen.<\/p>\n<p>[\/vc_column_text][vc_empty_space][\/vc_column][\/vc_row][vc_row type=&#8220;grid&#8220; css=&#8220;.vc_custom_1669716780680{margin-top: 30px !important;margin-bottom: 80px !important;}&#8220;][vc_column width=&#8220;1\/3&#8243;][vc_single_image image=&#8220;281&#8243; alignment=&#8220;center&#8220; style=&#8220;vc_box_circle&#8220;][vc_empty_space][vc_column_text]<\/p>\n<p style=\"text-align: justify;\"><strong>Die Lagerung&#8230;\u00a0<\/strong>Noch vor dem ersten grossen Herbstregen bringen wir unsere Salzernte, die sich von Mai bis etwa November erstreckt, zur Lagerung. In dieser Zeit haben wir alle H\u00e4nde voll zu tun, die Salzernte mit Karre, Schaufel und Besonnenheit einzufahren und dabei die nat\u00fcrliche Struktur der Salinen zu erhalten.<\/p>\n<p>[\/vc_column_text][vc_empty_space][\/vc_column][vc_column width=&#8220;1\/3&#8243;][vc_single_image image=&#8220;222&#8243; alignment=&#8220;center&#8220; style=&#8220;vc_box_circle&#8220;][vc_empty_space][vc_column_text]<\/p>\n<p style=\"text-align: justify;\"><strong>Die Instandhaltung&#8230;\u00a0<\/strong>Gleich nach der Ernte und f\u00fcr den Rest des Jahres k\u00fcmmern wir uns um den nat\u00fcrlichen Erhalt der Salinen, um die Kristallisationsbecken f\u00fcr die n\u00e4chste Ernte vorzubereiten.<\/p>\n<p>[\/vc_column_text][vc_empty_space][\/vc_column][vc_column width=&#8220;1\/3&#8243;][vc_column_text]<br \/>\n[\/vc_column_text][\/vc_column][\/vc_row]<\/p>\n<\/section>","protected":false},"excerpt":{"rendered":"<p>[vc_row][vc_column][vc_single_image image=&#8220;2037&#8243; img_size=&#8220;full&#8220;][vc_empty_space][\/vc_column][\/vc_row][vc_row type=&#8220;grid&#8220;][vc_column][vc_empty_space][vc_column_text] F\u00fcr Aristoteles war Salz [\/vc_column_text][vc_empty_space][vc_row_inner][vc_column_inner width=&#8220;1\/4&#8243;] [\/vc_column_inner][vc_column_inner width=&#8220;1\/2&#8243;][vc_column_text] F\u00fcr Aristoteles war Salz die \u201egebrannte Erde\u201c, der Zusammenschluss der vier Elemente: Erde, Wasser, Feuer und Wind.\u00a0Die vier Elemente lassen das Salz auf nat\u00fcrliche Weise entstehen. [\/vc_column_text][\/vc_column_inner][vc_column_inner width=&#8220;1\/4&#8243;] [\/vc_column_inner][\/vc_row_inner][vc_empty_space][\/vc_column][\/vc_row][vc_row type=&#8220;grid&#8220; css=&#8220;.vc_custom_1669716728900{margin-top: 30px !important;margin-bottom:&#8230;<\/p>\n","protected":false},"author":1,"featured_media":0,"parent":0,"menu_order":0,"comment_status":"open","ping_status":"open","template":"","meta":[],"yoast_head":"<!-- This site is optimized with the Yoast SEO plugin v21.6 - https:\/\/yoast.com\/wordpress\/plugins\/seo\/ -->\n<title>Gewinnungsprozess - Salinas Marinas de Fuencaliente S.L.<\/title>\n<meta name=\"robots\" content=\"index, follow, max-snippet:-1, max-image-preview:large, max-video-preview:-1\" \/>\n<link rel=\"canonical\" href=\"https:\/\/salinasdefuencaliente.es\/de\/gewinnungsprozess\/\" \/>\n<meta property=\"og:locale\" content=\"de_DE\" \/>\n<meta property=\"og:type\" content=\"article\" \/>\n<meta property=\"og:title\" content=\"Gewinnungsprozess - Salinas Marinas de Fuencaliente S.L.\" \/>\n<meta property=\"og:description\" content=\"[vc_row][vc_column][vc_single_image image=&#8220;2037&#8243; img_size=&#8220;full&#8220;][vc_empty_space][\/vc_column][\/vc_row][vc_row type=&#8220;grid&#8220;][vc_column][vc_empty_space][vc_column_text] F\u00fcr Aristoteles war Salz [\/vc_column_text][vc_empty_space][vc_row_inner][vc_column_inner width=&#8220;1\/4&#8243;] [\/vc_column_inner][vc_column_inner width=&#8220;1\/2&#8243;][vc_column_text] F\u00fcr Aristoteles war Salz die \u201egebrannte Erde\u201c, der Zusammenschluss der vier Elemente: Erde, Wasser, Feuer und Wind.\u00a0Die vier Elemente lassen das Salz auf nat\u00fcrliche Weise entstehen. [\/vc_column_text][\/vc_column_inner][vc_column_inner width=&#8220;1\/4&#8243;] [\/vc_column_inner][\/vc_row_inner][vc_empty_space][\/vc_column][\/vc_row][vc_row type=&#8220;grid&#8220; css=&#8220;.vc_custom_1669716728900{margin-top: 30px !important;margin-bottom:...\" \/>\n<meta property=\"og:url\" content=\"https:\/\/salinasdefuencaliente.es\/de\/gewinnungsprozess\/\" \/>\n<meta property=\"og:site_name\" content=\"Salinas Marinas de Fuencaliente S.L.\" \/>\n<meta property=\"article:modified_time\" content=\"2022-11-29T10:15:17+00:00\" \/>\n<meta name=\"twitter:card\" content=\"summary_large_image\" \/>\n<meta name=\"twitter:label1\" content=\"Gesch\u00e4tzte Lesezeit\" \/>\n\t<meta name=\"twitter:data1\" content=\"2\u00a0Minuten\" \/>\n<script type=\"application\/ld+json\" class=\"yoast-schema-graph\">{\"@context\":\"https:\/\/schema.org\",\"@graph\":[{\"@type\":\"WebPage\",\"@id\":\"https:\/\/salinasdefuencaliente.es\/de\/gewinnungsprozess\/\",\"url\":\"https:\/\/salinasdefuencaliente.es\/de\/gewinnungsprozess\/\",\"name\":\"Gewinnungsprozess - Salinas Marinas de Fuencaliente S.L.\",\"isPartOf\":{\"@id\":\"https:\/\/salinasdefuencaliente.es\/#website\"},\"datePublished\":\"2012-10-14T11:59:45+00:00\",\"dateModified\":\"2022-11-29T10:15:17+00:00\",\"breadcrumb\":{\"@id\":\"https:\/\/salinasdefuencaliente.es\/de\/gewinnungsprozess\/#breadcrumb\"},\"inLanguage\":\"de\",\"potentialAction\":[{\"@type\":\"ReadAction\",\"target\":[\"https:\/\/salinasdefuencaliente.es\/de\/gewinnungsprozess\/\"]}]},{\"@type\":\"BreadcrumbList\",\"@id\":\"https:\/\/salinasdefuencaliente.es\/de\/gewinnungsprozess\/#breadcrumb\",\"itemListElement\":[{\"@type\":\"ListItem\",\"position\":1,\"name\":\"Portada\",\"item\":\"https:\/\/salinasdefuencaliente.es\/de\/\"},{\"@type\":\"ListItem\",\"position\":2,\"name\":\"Gewinnungsprozess\"}]},{\"@type\":\"WebSite\",\"@id\":\"https:\/\/salinasdefuencaliente.es\/#website\",\"url\":\"https:\/\/salinasdefuencaliente.es\/\",\"name\":\"Salinas Marinas de Fuencaliente S.L.\",\"description\":\"Un lugar donde el blanco y el negro se funde para dar vida. Salinas artesanales, en la Isla de La Palma, Canarias\",\"potentialAction\":[{\"@type\":\"SearchAction\",\"target\":{\"@type\":\"EntryPoint\",\"urlTemplate\":\"https:\/\/salinasdefuencaliente.es\/?s={search_term_string}\"},\"query-input\":\"required name=search_term_string\"}],\"inLanguage\":\"de\"}]}<\/script>\n<!-- \/ Yoast SEO plugin. -->","yoast_head_json":{"title":"Gewinnungsprozess - Salinas Marinas de Fuencaliente S.L.","robots":{"index":"index","follow":"follow","max-snippet":"max-snippet:-1","max-image-preview":"max-image-preview:large","max-video-preview":"max-video-preview:-1"},"canonical":"https:\/\/salinasdefuencaliente.es\/de\/gewinnungsprozess\/","og_locale":"de_DE","og_type":"article","og_title":"Gewinnungsprozess - Salinas Marinas de Fuencaliente S.L.","og_description":"[vc_row][vc_column][vc_single_image image=&#8220;2037&#8243; img_size=&#8220;full&#8220;][vc_empty_space][\/vc_column][\/vc_row][vc_row type=&#8220;grid&#8220;][vc_column][vc_empty_space][vc_column_text] F\u00fcr Aristoteles war Salz [\/vc_column_text][vc_empty_space][vc_row_inner][vc_column_inner width=&#8220;1\/4&#8243;] [\/vc_column_inner][vc_column_inner width=&#8220;1\/2&#8243;][vc_column_text] F\u00fcr Aristoteles war Salz die \u201egebrannte Erde\u201c, der Zusammenschluss der vier Elemente: Erde, Wasser, Feuer und Wind.\u00a0Die vier Elemente lassen das Salz auf nat\u00fcrliche Weise entstehen. [\/vc_column_text][\/vc_column_inner][vc_column_inner width=&#8220;1\/4&#8243;] [\/vc_column_inner][\/vc_row_inner][vc_empty_space][\/vc_column][\/vc_row][vc_row type=&#8220;grid&#8220; css=&#8220;.vc_custom_1669716728900{margin-top: 30px !important;margin-bottom:...","og_url":"https:\/\/salinasdefuencaliente.es\/de\/gewinnungsprozess\/","og_site_name":"Salinas Marinas de Fuencaliente S.L.","article_modified_time":"2022-11-29T10:15:17+00:00","twitter_card":"summary_large_image","twitter_misc":{"Gesch\u00e4tzte Lesezeit":"2\u00a0Minuten"},"schema":{"@context":"https:\/\/schema.org","@graph":[{"@type":"WebPage","@id":"https:\/\/salinasdefuencaliente.es\/de\/gewinnungsprozess\/","url":"https:\/\/salinasdefuencaliente.es\/de\/gewinnungsprozess\/","name":"Gewinnungsprozess - Salinas Marinas de Fuencaliente S.L.","isPartOf":{"@id":"https:\/\/salinasdefuencaliente.es\/#website"},"datePublished":"2012-10-14T11:59:45+00:00","dateModified":"2022-11-29T10:15:17+00:00","breadcrumb":{"@id":"https:\/\/salinasdefuencaliente.es\/de\/gewinnungsprozess\/#breadcrumb"},"inLanguage":"de","potentialAction":[{"@type":"ReadAction","target":["https:\/\/salinasdefuencaliente.es\/de\/gewinnungsprozess\/"]}]},{"@type":"BreadcrumbList","@id":"https:\/\/salinasdefuencaliente.es\/de\/gewinnungsprozess\/#breadcrumb","itemListElement":[{"@type":"ListItem","position":1,"name":"Portada","item":"https:\/\/salinasdefuencaliente.es\/de\/"},{"@type":"ListItem","position":2,"name":"Gewinnungsprozess"}]},{"@type":"WebSite","@id":"https:\/\/salinasdefuencaliente.es\/#website","url":"https:\/\/salinasdefuencaliente.es\/","name":"Salinas Marinas de Fuencaliente S.L.","description":"Un lugar donde el blanco y el negro se funde para dar vida. Salinas artesanales, en la Isla de La Palma, Canarias","potentialAction":[{"@type":"SearchAction","target":{"@type":"EntryPoint","urlTemplate":"https:\/\/salinasdefuencaliente.es\/?s={search_term_string}"},"query-input":"required name=search_term_string"}],"inLanguage":"de"}]}},"_links":{"self":[{"href":"https:\/\/salinasdefuencaliente.es\/de\/wp-json\/wp\/v2\/pages\/431"}],"collection":[{"href":"https:\/\/salinasdefuencaliente.es\/de\/wp-json\/wp\/v2\/pages"}],"about":[{"href":"https:\/\/salinasdefuencaliente.es\/de\/wp-json\/wp\/v2\/types\/page"}],"author":[{"embeddable":true,"href":"https:\/\/salinasdefuencaliente.es\/de\/wp-json\/wp\/v2\/users\/1"}],"replies":[{"embeddable":true,"href":"https:\/\/salinasdefuencaliente.es\/de\/wp-json\/wp\/v2\/comments?post=431"}],"version-history":[{"count":4,"href":"https:\/\/salinasdefuencaliente.es\/de\/wp-json\/wp\/v2\/pages\/431\/revisions"}],"predecessor-version":[{"id":2602,"href":"https:\/\/salinasdefuencaliente.es\/de\/wp-json\/wp\/v2\/pages\/431\/revisions\/2602"}],"wp:attachment":[{"href":"https:\/\/salinasdefuencaliente.es\/de\/wp-json\/wp\/v2\/media?parent=431"}],"curies":[{"name":"wp","href":"https:\/\/api.w.org\/{rel}","templated":true}]}}