{"id":376,"date":"2012-10-11T13:32:51","date_gmt":"2012-10-11T13:32:51","guid":{"rendered":"http:\/\/salinasdefuencaliente.es\/?page_id=376"},"modified":"2026-03-10T10:27:55","modified_gmt":"2026-03-10T10:27:55","slug":"der-garten-von-salz","status":"publish","type":"page","link":"https:\/\/salinasdefuencaliente.es\/de\/der-garten-von-salz\/","title":{"rendered":"Der Garten von Salz"},"content":{"rendered":"<section class=\"wpb-content-wrapper\"><p>[vc_row][vc_column][vc_column_text]<\/p>\n<h2 style=\"text-align: center;\">El Jard\u00edn de la Sal. Themenrestaurant<\/h2>\n<p>[\/vc_column_text][vc_empty_space][vc_column_text]<\/p>\n<h4 style=\"text-align: center;\"><strong>Unser kulinarischer Schatz zwischen dem wei\u00dfen Salz und der schwarzen Lava.<\/strong><\/h4>\n<p>[\/vc_column_text][vc_empty_space][vc_media_grid grid_id=&#8220;vc_gid:1773138535504-c6e8500e-f9fa-7&#8243; include=&#8220;2699,2702,2690,2705,2687,2684,2714,2696,2724&#8243;][vc_empty_space][\/vc_column][\/vc_row][vc_row][vc_column width=&#8220;3\/4&#8243;][vc_column_text]<\/p>\n<p style=\"text-align: justify;\">In perfekter Harmonie mit der Umgebung und ein Beispiel par excellence daf\u00fcr, wie man ein <strong>Naturschutzgebiet <\/strong>, nutzen kann, ohne dessen Natur und das Landschaftsbild zu ver\u00e4ndern, wurde im September 2013 das <strong>Themenrestaurant El Jard\u00edn de la Sal <\/strong>er\u00f6ffnet.<\/p>\n<p style=\"text-align: justify;\">Der junge K\u00fcchenchef, <strong>Juan Carlos Rodr\u00edguez Curpa<\/strong>, hat sehr schnell das ganze famili\u00e4re, gesellschaftliche und kulturelle Verm\u00e4chtnis \u00fcbernommen, das die Salinen f\u00fcr die Familie Hern\u00e1ndez bedeuten, und setzt in seinen Gerichten den Geschmack und alle Werte dieses Familienbetriebs um.<\/p>\n<p style=\"text-align: justify;\"><em>\u201eCocina con alma, sentimiento y coraz\u00f3n\u201c, <\/em>also Kochen mit Seele, Gef\u00fchl und Begeisterung, das ist sein Leitmotiv, das zur t\u00e4glichen Erinnerung an einer der W\u00e4nde in seiner K\u00fcche geschrieben steht. Er hat seine K\u00fcche zu einem Labor f\u00fcr all die vielen M\u00f6glichkeiten des Salzes gemacht, zu einem Ort, an dem die verschiedenen Linien neuer aromatisierter Salze getestet werden, die dann bald auf den Markt gebracht werden. <strong> Fleur de Sel mit schwarzen Oliven, mit Tintenfischtinte, mit Limetten u.v.m., oder auch die ersten Tests mit fl\u00fcssigen Salzen, ja sogar das hochgesch\u00e4tzte<\/strong> <em>\u201eGarum\u201c.<\/em><\/p>\n<p style=\"text-align: justify;\"><strong>Juan Carlos Rodr\u00edguez Curpa<\/strong>, durchlief seine Ausbildung im IES Virgen de las Nieves in der Hauptstadt von La Palma und sammelte Erfahrung im \u00f6rtlichen Parador-Hotel. Er zeigt in seinen Kreationen deutlich seine Vorliebe f\u00fcr lokale Erzeugnisse, so z. B. die K\u00e4sesorten der Ursprungsbezeichnung D.O.P.Q \u201eLa Palma\u201c, die verschiedenen Honigsorten und vor allem f\u00fcr den Fisch von dem kleinen Landungssteg neben dem Leuchtturm Fuencaliente. Man kann gut sehen, wie seine Augen leuchten und ein breites L\u00e4cheln auf seinem Gesicht erscheint, wenn ihm ein weniger handels\u00fcblicher Fisch in die H\u00e4nde f\u00e4llt, wie z. B. eine Escolar-Schlangenmakrele oder Buttermakrele, ein Riemenfisch oder Haarschwanz, aus denen er wahre kulinarische Delikatessen zaubert.<\/p>\n<p>[\/vc_column_text][vc_empty_space][vc_column_text]<\/p>\n<p style=\"text-align: justify;\"><strong>Degustationsmen\u00fc nach vorheriger Reservierung.<\/strong><\/p>\n<p>[\/vc_column_text][vc_empty_space][vc_btn title=&#8220;SPEISEKARTE&#8220; style=&#8220;flat&#8220; shape=&#8220;square&#8220; color=&#8220;danger&#8220; i_align=&#8220;right&#8220; i_icon_fontawesome=&#8220;far fa-file-pdf&#8220; add_icon=&#8220;true&#8220; link=&#8220;url:https%3A%2F%2Fsalinasdefuencaliente.es%2Fwp-content%2Fuploads%2F2024%2F08%2FCARTA-RESTAURANTE-2024.pdf|target:_blank&#8220;][vc_empty_space height=&#8220;12px&#8220;][vc_btn title=&#8220;CAF\u00c9TERIA-MEN\u00dc&#8220; style=&#8220;flat&#8220; shape=&#8220;square&#8220; color=&#8220;danger&#8220; i_align=&#8220;right&#8220; i_icon_fontawesome=&#8220;far fa-file-pdf&#8220; add_icon=&#8220;true&#8220; link=&#8220;url:https%3A%2F%2Fsalinasdefuencaliente.es%2Fwp-content%2Fuploads%2F2024%2F08%2FCARTA-CAFETERIA-2024.pdf|target:_blank&#8220;][vc_empty_space][vc_empty_space][vc_column_text]<\/p>\n<h2 style=\"text-align: justify;\">Datenblatt<\/h2>\n<p>[\/vc_column_text][vc_empty_space][vc_row_inner][vc_column_inner width=&#8220;1\/2&#8243;][vc_column_text]<strong>Speisesaalkapazit\u00e4t: <\/strong>80 Personen.<br \/>\n<strong>Atmosph\u00e4re und Einrichtung:<\/strong> Angenehm, Meeresfr\u00fcchte-inspiriert.<br \/>\n<strong>Restaurantkriterien:<\/strong> Glutenfreies Men\u00fc, vegetarisches Men\u00fc. Degustationsmen\u00fc (Reservierung erforderlich).<br \/>\n<strong>Gesch\u00e4ftsf\u00fchrer:<\/strong>\u00a0Andr\u00e9s F. Hern\u00e1ndez.Garc\u00eda<br \/>\n<strong>Gesch\u00e4ftsf\u00fchrer:<\/strong> Jose Rodrigo Rovira Gallardo[\/vc_column_text][\/vc_column_inner][vc_column_inner width=&#8220;1\/2&#8243;][vc_column_text]<strong>Er\u00f6ffnungsjahr:<\/strong>\u00a02013<br \/>\n<strong>K\u00fcche: Zeitgen\u00f6ssisch, Kanarisch.<\/strong>.<br \/>\n<strong>Klientel:<\/strong> Familien, Firmen, Junge Leute, Touristen, Elegante.<br \/>\n<strong>Inhaber:<\/strong>\u00a0Salina Marinas de Fuencaliente, S.L.<br \/>\n<strong>Sommelier:<\/strong>\u00a0Jose Rodrigo Rovira Gallardo[\/vc_column_text][\/vc_column_inner][\/vc_row_inner][vc_empty_space][\/vc_column][vc_column width=&#8220;1\/4&#8243;][vc_single_image image=&#8220;3700&#8243; img_size=&#8220;medium&#8220; alignment=&#8220;center&#8220; onclick=&#8220;custom_link&#8220; img_link_target=&#8220;_blank&#8220; link=&#8220;https:\/\/www.guiarepsol.com\/es\/fichas\/restaurante\/el-jardin-de-la-sal-10693\/&#8220;][vc_empty_space height=&#8220;18px&#8220;][vc_gallery type=&#8220;image_grid&#8220; images=&#8220;2662&#8243; img_size=&#8220;full&#8220; onclick=&#8220;custom_link&#8220; custom_links_target=&#8220;_blank&#8220; column_number=&#8220;0&#8243; custom_links=&#8220;#E-8_aHR0cHMlM0ElMkYlMkZndWlkZS5taWNoZWxpbi5jb20lMkZlcyUyRmVzJTJGY2FuYXJpYXMlMkZsYXMtY2FsZXRhcyUyRnJlc3RhdXJhbnRlJTJGZWwtamFyZGluLWRlLWxhLXNhbA==&#8220;][vc_empty_space height=&#8220;18px&#8220;][vc_gallery type=&#8220;image_grid&#8220; images=&#8220;2301&#8243; img_size=&#8220;336&#215;215&#8243; column_number=&#8220;0&#8243;][vc_empty_space height=&#8220;18px&#8220;][vc_empty_space height=&#8220;18px&#8220;][vc_column_text]<\/p>\n<h4 class=\"address-t-record\"><strong>Kontaktdaten<\/strong><\/h4>\n<p>&nbsp;<\/p>\n<div class=\"address-t-record\">Telefonnummer f\u00fcr Kontakt und Reservierungen: <strong>922 979 800<\/strong><\/div>\n<div class=\"address-t-record\">Fax: <strong>922 411 523<\/strong><\/div>\n<div class=\"address-t-record\">Email: info@salinasdefuencaliente.com<\/div>\n<div class=\"address-t-record\">Ctra. La Costa-El Faro, 5.<\/div>\n<div class=\"address-t-record\">38740, Fuencaliente de la Palma. Isla de La Palma.<\/div>\n<div class=\"address-t-record\">Santa Cruz de Tenerife, , Spanien.<\/div>\n<div class=\"address-t-record\"><\/div>\n<div class=\"address-t-record\"><\/div>\n<div><\/div>\n<div class=\"address-t-record\"><\/div>\n<h4 style=\"margin-top: 25px;\"><strong>der\u00a0<span class=\"hrcAhc\" lang=\"de\">Zeitplan<\/span><\/strong><\/h4>\n<p>&nbsp;<\/p>\n<div class=\"address-t-record\">\n<div class=\"textwidget\"><b>RESTAURANTE<\/b><br \/>\nJeden Tag ab 13:00 Uhr bis 18:00 Uhr<\/div>\n<div><\/div>\n<div class=\"textwidget\"><b>COFFEE BAR<\/b><br \/>\nJeden Tag von 11 bis 19 Uhr.<\/div>\n<div><\/div>\n<div class=\"textwidget\"><b>INFOGESCH\u00c4FT <\/b><br \/>\nJeden Tag von 11 bis 19 Uhr.<\/div>\n<\/div>\n<div class=\"address-t-record\"><\/div>\n<div class=\"address-t-record\"><\/div>\n<p>[\/vc_column_text][vc_empty_space height=&#8220;18px&#8220;][vc_empty_space height=&#8220;18px&#8220;][\/vc_column][\/vc_row]<\/p>\n<\/section>","protected":false},"excerpt":{"rendered":"<p>[vc_row][vc_column][vc_column_text] El Jard\u00edn de la Sal. Themenrestaurant [\/vc_column_text][vc_empty_space][vc_column_text] Unser kulinarischer Schatz zwischen dem wei\u00dfen Salz und der schwarzen Lava. [\/vc_column_text][vc_empty_space][vc_media_grid grid_id=&#8220;vc_gid:1773138535504-c6e8500e-f9fa-7&#8243; include=&#8220;2699,2702,2690,2705,2687,2684,2714,2696,2724&#8243;][vc_empty_space][\/vc_column][\/vc_row][vc_row][vc_column width=&#8220;3\/4&#8243;][vc_column_text] In perfekter Harmonie mit der Umgebung und ein Beispiel par excellence daf\u00fcr, wie man ein Naturschutzgebiet , nutzen kann, ohne dessen Natur&#8230;<\/p>\n","protected":false},"author":1,"featured_media":400,"parent":0,"menu_order":0,"comment_status":"closed","ping_status":"closed","template":"","meta":[],"yoast_head":"<!-- This site is optimized with the Yoast SEO plugin v21.6 - https:\/\/yoast.com\/wordpress\/plugins\/seo\/ -->\n<title>Der Garten von Salz - Salinas Marinas de Fuencaliente S.L.<\/title>\n<meta name=\"robots\" content=\"index, follow, max-snippet:-1, max-image-preview:large, max-video-preview:-1\" \/>\n<link rel=\"canonical\" href=\"https:\/\/salinasdefuencaliente.es\/de\/der-garten-von-salz\/\" \/>\n<meta property=\"og:locale\" content=\"de_DE\" \/>\n<meta property=\"og:type\" content=\"article\" \/>\n<meta property=\"og:title\" content=\"Der Garten von Salz - Salinas Marinas de Fuencaliente S.L.\" \/>\n<meta property=\"og:description\" content=\"[vc_row][vc_column][vc_column_text] El Jard\u00edn de la Sal. Themenrestaurant [\/vc_column_text][vc_empty_space][vc_column_text] Unser kulinarischer Schatz zwischen dem wei\u00dfen Salz und der schwarzen Lava. [\/vc_column_text][vc_empty_space][vc_media_grid grid_id=&#8220;vc_gid:1773138535504-c6e8500e-f9fa-7&#8243; include=&#8220;2699,2702,2690,2705,2687,2684,2714,2696,2724&#8243;][vc_empty_space][\/vc_column][\/vc_row][vc_row][vc_column width=&#8220;3\/4&#8243;][vc_column_text] In perfekter Harmonie mit der Umgebung und ein Beispiel par excellence daf\u00fcr, wie man ein Naturschutzgebiet , nutzen kann, ohne dessen Natur...\" \/>\n<meta property=\"og:url\" content=\"https:\/\/salinasdefuencaliente.es\/de\/der-garten-von-salz\/\" \/>\n<meta property=\"og:site_name\" content=\"Salinas Marinas de Fuencaliente S.L.\" \/>\n<meta property=\"article:modified_time\" content=\"2026-03-10T10:27:55+00:00\" \/>\n<meta property=\"og:image\" content=\"https:\/\/salinasdefuencaliente.es\/wp-content\/uploads\/2012\/10\/DSC_0288_small2.jpg\" \/>\n\t<meta property=\"og:image:width\" content=\"800\" \/>\n\t<meta property=\"og:image:height\" content=\"531\" \/>\n\t<meta property=\"og:image:type\" content=\"image\/jpeg\" \/>\n<meta name=\"twitter:card\" content=\"summary_large_image\" \/>\n<meta name=\"twitter:label1\" content=\"Gesch\u00e4tzte Lesezeit\" \/>\n\t<meta name=\"twitter:data1\" content=\"3\u00a0Minuten\" \/>\n<script type=\"application\/ld+json\" class=\"yoast-schema-graph\">{\"@context\":\"https:\/\/schema.org\",\"@graph\":[{\"@type\":\"WebPage\",\"@id\":\"https:\/\/salinasdefuencaliente.es\/de\/der-garten-von-salz\/\",\"url\":\"https:\/\/salinasdefuencaliente.es\/de\/der-garten-von-salz\/\",\"name\":\"Der Garten von Salz - Salinas Marinas de Fuencaliente S.L.\",\"isPartOf\":{\"@id\":\"https:\/\/salinasdefuencaliente.es\/#website\"},\"datePublished\":\"2012-10-11T13:32:51+00:00\",\"dateModified\":\"2026-03-10T10:27:55+00:00\",\"breadcrumb\":{\"@id\":\"https:\/\/salinasdefuencaliente.es\/de\/der-garten-von-salz\/#breadcrumb\"},\"inLanguage\":\"de\",\"potentialAction\":[{\"@type\":\"ReadAction\",\"target\":[\"https:\/\/salinasdefuencaliente.es\/de\/der-garten-von-salz\/\"]}]},{\"@type\":\"BreadcrumbList\",\"@id\":\"https:\/\/salinasdefuencaliente.es\/de\/der-garten-von-salz\/#breadcrumb\",\"itemListElement\":[{\"@type\":\"ListItem\",\"position\":1,\"name\":\"Portada\",\"item\":\"https:\/\/salinasdefuencaliente.es\/de\/\"},{\"@type\":\"ListItem\",\"position\":2,\"name\":\"Der Garten von Salz\"}]},{\"@type\":\"WebSite\",\"@id\":\"https:\/\/salinasdefuencaliente.es\/#website\",\"url\":\"https:\/\/salinasdefuencaliente.es\/\",\"name\":\"Salinas Marinas de Fuencaliente S.L.\",\"description\":\"Un lugar donde el blanco y el negro se funde para dar vida. Salinas artesanales, en la Isla de La Palma, Canarias\",\"potentialAction\":[{\"@type\":\"SearchAction\",\"target\":{\"@type\":\"EntryPoint\",\"urlTemplate\":\"https:\/\/salinasdefuencaliente.es\/?s={search_term_string}\"},\"query-input\":\"required name=search_term_string\"}],\"inLanguage\":\"de\"}]}<\/script>\n<!-- \/ Yoast SEO plugin. -->","yoast_head_json":{"title":"Der Garten von Salz - Salinas Marinas de Fuencaliente S.L.","robots":{"index":"index","follow":"follow","max-snippet":"max-snippet:-1","max-image-preview":"max-image-preview:large","max-video-preview":"max-video-preview:-1"},"canonical":"https:\/\/salinasdefuencaliente.es\/de\/der-garten-von-salz\/","og_locale":"de_DE","og_type":"article","og_title":"Der Garten von Salz - Salinas Marinas de Fuencaliente S.L.","og_description":"[vc_row][vc_column][vc_column_text] El Jard\u00edn de la Sal. Themenrestaurant [\/vc_column_text][vc_empty_space][vc_column_text] Unser kulinarischer Schatz zwischen dem wei\u00dfen Salz und der schwarzen Lava. [\/vc_column_text][vc_empty_space][vc_media_grid grid_id=&#8220;vc_gid:1773138535504-c6e8500e-f9fa-7&#8243; include=&#8220;2699,2702,2690,2705,2687,2684,2714,2696,2724&#8243;][vc_empty_space][\/vc_column][\/vc_row][vc_row][vc_column width=&#8220;3\/4&#8243;][vc_column_text] In perfekter Harmonie mit der Umgebung und ein Beispiel par excellence daf\u00fcr, wie man ein Naturschutzgebiet , nutzen kann, ohne dessen Natur...","og_url":"https:\/\/salinasdefuencaliente.es\/de\/der-garten-von-salz\/","og_site_name":"Salinas Marinas de Fuencaliente S.L.","article_modified_time":"2026-03-10T10:27:55+00:00","og_image":[{"width":800,"height":531,"url":"https:\/\/salinasdefuencaliente.es\/wp-content\/uploads\/2012\/10\/DSC_0288_small2.jpg","type":"image\/jpeg"}],"twitter_card":"summary_large_image","twitter_misc":{"Gesch\u00e4tzte Lesezeit":"3\u00a0Minuten"},"schema":{"@context":"https:\/\/schema.org","@graph":[{"@type":"WebPage","@id":"https:\/\/salinasdefuencaliente.es\/de\/der-garten-von-salz\/","url":"https:\/\/salinasdefuencaliente.es\/de\/der-garten-von-salz\/","name":"Der Garten von Salz - Salinas Marinas de Fuencaliente S.L.","isPartOf":{"@id":"https:\/\/salinasdefuencaliente.es\/#website"},"datePublished":"2012-10-11T13:32:51+00:00","dateModified":"2026-03-10T10:27:55+00:00","breadcrumb":{"@id":"https:\/\/salinasdefuencaliente.es\/de\/der-garten-von-salz\/#breadcrumb"},"inLanguage":"de","potentialAction":[{"@type":"ReadAction","target":["https:\/\/salinasdefuencaliente.es\/de\/der-garten-von-salz\/"]}]},{"@type":"BreadcrumbList","@id":"https:\/\/salinasdefuencaliente.es\/de\/der-garten-von-salz\/#breadcrumb","itemListElement":[{"@type":"ListItem","position":1,"name":"Portada","item":"https:\/\/salinasdefuencaliente.es\/de\/"},{"@type":"ListItem","position":2,"name":"Der Garten von Salz"}]},{"@type":"WebSite","@id":"https:\/\/salinasdefuencaliente.es\/#website","url":"https:\/\/salinasdefuencaliente.es\/","name":"Salinas Marinas de Fuencaliente S.L.","description":"Un lugar donde el blanco y el negro se funde para dar vida. Salinas artesanales, en la Isla de La Palma, Canarias","potentialAction":[{"@type":"SearchAction","target":{"@type":"EntryPoint","urlTemplate":"https:\/\/salinasdefuencaliente.es\/?s={search_term_string}"},"query-input":"required name=search_term_string"}],"inLanguage":"de"}]}},"_links":{"self":[{"href":"https:\/\/salinasdefuencaliente.es\/de\/wp-json\/wp\/v2\/pages\/376"}],"collection":[{"href":"https:\/\/salinasdefuencaliente.es\/de\/wp-json\/wp\/v2\/pages"}],"about":[{"href":"https:\/\/salinasdefuencaliente.es\/de\/wp-json\/wp\/v2\/types\/page"}],"author":[{"embeddable":true,"href":"https:\/\/salinasdefuencaliente.es\/de\/wp-json\/wp\/v2\/users\/1"}],"replies":[{"embeddable":true,"href":"https:\/\/salinasdefuencaliente.es\/de\/wp-json\/wp\/v2\/comments?post=376"}],"version-history":[{"count":27,"href":"https:\/\/salinasdefuencaliente.es\/de\/wp-json\/wp\/v2\/pages\/376\/revisions"}],"predecessor-version":[{"id":3708,"href":"https:\/\/salinasdefuencaliente.es\/de\/wp-json\/wp\/v2\/pages\/376\/revisions\/3708"}],"wp:featuredmedia":[{"embeddable":true,"href":"https:\/\/salinasdefuencaliente.es\/de\/wp-json\/wp\/v2\/media\/400"}],"wp:attachment":[{"href":"https:\/\/salinasdefuencaliente.es\/de\/wp-json\/wp\/v2\/media?parent=376"}],"curies":[{"name":"wp","href":"https:\/\/api.w.org\/{rel}","templated":true}]}}